{"id":9380,"date":"2024-04-23T16:14:01","date_gmt":"2024-04-23T14:14:01","guid":{"rendered":"https:\/\/tcs.expertnetwork.online\/charte-de-qualite\/"},"modified":"2025-07-22T15:49:18","modified_gmt":"2025-07-22T13:49:18","slug":"charte-de-qualite","status":"publish","type":"page","link":"https:\/\/carselect.touring.be\/fr\/charte-de-qualite\/","title":{"rendered":"Charte de qualit\u00e9"},"content":{"rendered":"\n\n\t<section class=\"section quality-charter-banner qa-testid-quality-charter-banner-nl\" id=\"section_366781217\">\n\t\t<div class=\"section-bg fill\" >\n\t\t\t\t\t\t\t\t\t\n\t\t\t\n\n\t\t<\/div>\n\n\t\t\n\n\t\t<div class=\"section-content relative\">\n\t\t\t\n\n\t<div class=\"img has-hover quality-charter-banner-lines hide-for-medium x md-x lg-x y md-y lg-y\" id=\"image_2141157609\">\n\t\t\t\t\t\t\t\t<div class=\"img-inner image-cover dark\" style=\"padding-top:75%;\">\n\t\t\t<img decoding=\"async\" src=\"\/wp-content\/uploads\/2025\/01\/Quality-charter-lines.svg\" class=\"attachment-original size-original\" alt=\"\" \/>\t\t\t\t\t\t\n\t\t\t\t\t<\/div>\n\t\t\t\t\t\t\t\t\n<style>\n#image_2141157609 {\n  width: 60%;\n}\n<\/style>\n\t<\/div>\n\t\n\n<div class=\"row\"  id=\"row-1583001995\">\n\n\n\t<div id=\"col-1316509014\" class=\"col medium-6 small-12 large-5\"  >\n\t\t\t\t<div class=\"col-inner\"  >\n\t\t\t\n\t\t\t\n\n\t<div id=\"text-1089160861\" class=\"text quality-charter-banner-title\">\n\t\t\n\n<h1 style=\"font-size:100%; color:white;font-weight:normal;margin:0;\">Charte de qualit\u00e9<\/h1>\n\n\t\t\t<\/div>\n\t\n\t<div id=\"text-1478206011\" class=\"text text-alignment quality-charter-banner-text\">\n\t\t\n\n<p>Touring CarSelect est une plateforme d&rsquo;achat de voitures d&rsquo;occasion ou de stock de qualit\u00e9 propos\u00e9es exclusivement par des concessionnaires professionnels. Ce document d\u00e9crit nos valeurs et les opportunit\u00e9s offertes par cette plateforme. <\/p>\n\t\t\t<\/div>\n\t\n<a href=\"\/fr\/acheter-une-voiture\/\" class=\"button success lowercase service-link\"  >\n\t\t<span>Voir stock<\/span>\n\t<\/a>\n\n\n\n\t\t<\/div>\n\t\t\t\t\t<\/div>\n\n\t\n\n<\/div>\n\t<div class=\"img has-hover quality-charter-banner-image x md-x lg-x y md-y lg-y\" id=\"image_1880270329\">\n\t\t\t\t\t\t\t\t<div class=\"img-inner image-cover dark\" style=\"padding-top:600px;\">\n\t\t\t<img loading=\"lazy\" decoding=\"async\" width=\"737\" height=\"490\" src=\"\/wp-content\/uploads\/2025\/01\/quality-charter-banner.png\" class=\"attachment-original size-original\" alt=\"\" srcset=\"\/wp-content\/uploads\/2025\/01\/quality-charter-banner.png 737w, \/wp-content\/uploads\/2025\/01\/quality-charter-banner-300x199.png 300w\" sizes=\"auto, (max-width: 737px) 100vw, 737px\" \/>\t\t\t\t\t\t\n\t\t\t\t\t<\/div>\n\t\t\t\t\t\t\t\t\n<style>\n#image_1880270329 {\n  width: 57%;\n}\n<\/style>\n\t<\/div>\n\t\n\n\n\t\t<\/div>\n\n\t\t\n<style>\n#section_366781217 {\n  padding-top: 0px;\n  padding-bottom: 0px;\n  min-height: 600px;\n}\n<\/style>\n\t<\/section>\n\t\n\n\t<section class=\"section quality-charter-information qa-testid-quality-charter-info-nl\" id=\"section_157700951\">\n\t\t<div class=\"section-bg fill\" >\n\t\t\t\t\t\t\t\t\t\n\t\t\t\n\n\t\t<\/div>\n\n\t\t\n\n\t\t<div class=\"section-content relative\">\n\t\t\t\n\n<div class=\"row\"  id=\"row-1261882762\">\n\n\n\t<div id=\"col-1267053445\" class=\"col quality-charter-section-column medium-12 small-12 large-6\"  >\n\t\t\t\t<div class=\"col-inner\"  >\n\t\t\t\n\t\t\t\n\n\n\t\t<div class=\"icon-box featured-box accordion-item icon-box-left text-left\"  >\n\t\t\t\t\t<div class=\"icon-box-img\" style=\"width: 80px\">\n\t\t\t\t<div class=\"icon\">\n\t\t\t\t\t<div class=\"icon-inner\" >\n\t\t\t\t\t\t<img loading=\"lazy\" decoding=\"async\" width=\"1\" height=\"1\" src=\"\/wp-content\/uploads\/2025\/01\/Quality-and-choice.svg\" class=\"attachment-medium size-medium\" alt=\"\" \/>\t\t\t\t\t<\/div>\n\t\t\t\t<\/div>\n\t\t\t<\/div>\n\t\t\t\t<div class=\"icon-box-text last-reset\">\n\t\t\t\t\t\t\t\t\t\n\n\n\n<a class=\"accordion-title\">\n<p class=\"quality-section-title\">\nQualit\u00e9 et choix\n<\/p>\n<button class=\"toggle ml-auto\">\n                <i class=\"icon-angle-down\"><\/i>\n              <\/button>\n<\/a>\n\n<div class=\"accordion-inner\">\n<p class=\"quality-section-description\">La plateforme vise la satisfaction et la tranquillit\u00e9 d&rsquo;esprit en proposant une large gamme de produits:<\/p>\n<ul class=\"quality-charter-text\">\n<li>des v\u00e9hicules de qualit\u00e9 propos\u00e9s par des concessionnaires professionnels agr\u00e9\u00e9s, avec une garantie l\u00e9gale d\u2019au moins 1 an;<\/li>\n<li>des services compl\u00e9mentaires facultatifs, tels que le cr\u00e9dit, l\u2019assurance, le leasing priv\u00e9, l\u2019extension de garantie ou la livraison \u00e0 domicile, propos\u00e9s par nos partenaires.<\/li>\n<\/ul>\n<\/div>\n\n\t\t<\/div>\n\t<\/div>\n\t\n\t\n\n\t\t<\/div>\n\t\t\t\t\t<\/div>\n\n\t\n\n\t<div id=\"col-607841056\" class=\"col quality-charter-section-column medium-12 small-12 large-6\"  >\n\t\t\t\t<div class=\"col-inner\"  >\n\t\t\t\n\t\t\t\n\n\n\t\t<div class=\"icon-box featured-box accordion-item icon-box-left text-left\"  >\n\t\t\t\t\t<div class=\"icon-box-img\" style=\"width: 80px\">\n\t\t\t\t<div class=\"icon\">\n\t\t\t\t\t<div class=\"icon-inner\" >\n\t\t\t\t\t\t<img loading=\"lazy\" decoding=\"async\" width=\"1\" height=\"1\" src=\"\/wp-content\/uploads\/2025\/01\/Trust-1.svg\" class=\"attachment-medium size-medium\" alt=\"\" \/>\t\t\t\t\t<\/div>\n\t\t\t\t<\/div>\n\t\t\t<\/div>\n\t\t\t\t<div class=\"icon-box-text last-reset\">\n\t\t\t\t\t\t\t\t\t\n\n\n\n<a class=\"accordion-title\">\n<p class=\"quality-section-title\">\nConfiance\n<\/p>\n<button class=\"toggle ml-auto\">\n                <i class=\"icon-angle-down\"><\/i>\n              <\/button>\n<\/a>\n\n<div class=\"accordion-inner\">\n<p class=\"quality-charter-text\">Chaque v\u00e9hicule a fait l&rsquo;objet d&rsquo;un contr\u00f4le approfondi par le concessionnaire et est en parfait \u00e9tat de marche. Les fournisseurs professionnels des v\u00e9hicules s&rsquo;engagent \u00e0 permettre \u00e0 Touring CarSelect d&rsquo;effectuer des contr\u00f4les de qualit\u00e9 pour eux sur une base r\u00e9guli\u00e8re. <\/p>\n<\/div>\n\n\t\t<\/div>\n\t<\/div>\n\t\n\t\n\n\t\t<\/div>\n\t\t\t\t\t<\/div>\n\n\t\n\n\t<div id=\"col-256670090\" class=\"col quality-charter-section-column medium-12 small-12 large-6\"  >\n\t\t\t\t<div class=\"col-inner\"  >\n\t\t\t\n\t\t\t\n\n\n\t\t<div class=\"icon-box featured-box accordion-item icon-box-left text-left\"  >\n\t\t\t\t\t<div class=\"icon-box-img\" style=\"width: 80px\">\n\t\t\t\t<div class=\"icon\">\n\t\t\t\t\t<div class=\"icon-inner\" >\n\t\t\t\t\t\t<img loading=\"lazy\" decoding=\"async\" width=\"1\" height=\"1\" src=\"\/wp-content\/uploads\/2025\/01\/Sustainability.svg\" class=\"attachment-medium size-medium\" alt=\"\" \/>\t\t\t\t\t<\/div>\n\t\t\t\t<\/div>\n\t\t\t<\/div>\n\t\t\t\t<div class=\"icon-box-text last-reset\">\n\t\t\t\t\t\t\t\t\t\n\n\n\n<a class=\"accordion-title\">\n<p class=\"quality-section-title\">\nDurabilit\u00e9\n<\/p>\n<button class=\"toggle ml-auto\">\n                <i class=\"icon-angle-down\"><\/i>\n              <\/button>\n<\/a>\n\n<div class=\"accordion-inner\">\n<p class=\"quality-section-description\">Les v\u00e9hicules propos\u00e9s sur la plateforme sont des voitures d&rsquo;occasion de qualit\u00e9 ou des voitures neuves en stock. Ces v\u00e9hicules sont: <\/p>\n<ul class=\"quality-charter-text\">\n<li>\u00e9lectrique, hybride ou conventionnel,<\/li>\n<li>au maximum vieux de 9 ans<\/li>\n<li>n\u2019ont pas plus de 150 000 km au compteur.<\/li>\n<\/ul>\n<p class=\"quality-charter-text\">Ce faisant, nous voulons contribuer activement \u00e0 rajeunir et \u00e0 rendre plus durable le parc automobile.<\/p>\n<\/div>\n\n\t\t<\/div>\n\t<\/div>\n\t\n\t\n\n\t\t<\/div>\n\t\t\t\t\t<\/div>\n\n\t\n\n\t<div id=\"col-952407980\" class=\"col quality-charter-section-column medium-12 small-12 large-6\"  >\n\t\t\t\t<div class=\"col-inner\"  >\n\t\t\t\n\t\t\t\n\n\n\t\t<div class=\"icon-box featured-box accordion-item icon-box-left text-left\"  >\n\t\t\t\t\t<div class=\"icon-box-img\" style=\"width: 80px\">\n\t\t\t\t<div class=\"icon\">\n\t\t\t\t\t<div class=\"icon-inner\" >\n\t\t\t\t\t\t<img loading=\"lazy\" decoding=\"async\" width=\"1\" height=\"1\" src=\"\/wp-content\/uploads\/2025\/01\/Advice.svg\" class=\"attachment-medium size-medium\" alt=\"\" \/>\t\t\t\t\t<\/div>\n\t\t\t\t<\/div>\n\t\t\t<\/div>\n\t\t\t\t<div class=\"icon-box-text last-reset\">\n\t\t\t\t\t\t\t\t\t\n\n\n\n<a class=\"accordion-title\">\n<p class=\"quality-section-title\">\nAvis\n<\/p>\n<button class=\"toggle ml-auto\">\n                <i class=\"icon-angle-down\"><\/i>\n              <\/button>\n<\/a>\n\n<div class=\"accordion-inner\">\n<p class=\"quality-section-description\">En collaboration avec Touring, la plateforme offre des informations objectives sur les voitures et la mobilit\u00e9. Vous y trouverez, par exemple: <\/p>\n<ul class=\"quality-charter-text\">\n<li>Des critiques de mod\u00e8les propos\u00e9s \u00e0 la vente sur la plateforme.<\/li>\n<li>Des informations compl\u00e8tes sur les v\u00e9hicules \u00e9lectriques et hybrides.<\/li>\n<li>Des informations sur les zones \u00e0 faibles \u00e9missions et vignettes pour les voyages \u00e0 l&rsquo;\u00e9tranger.<\/li>\n<\/ul>\n<p class=\"quality-charter-text\">De nouveaux articles paraissent r\u00e9guli\u00e8rement.<\/p>\n<\/div>\n\n\t\t<\/div>\n\t<\/div>\n\t\n\t\n\n\t\t<\/div>\n\t\t\t\t\t<\/div>\n\n\t\n\n\n<style>\n#row-1261882762 > .col > .col-inner {\n  padding: 0px 0px 0px 0px;\n}\n<\/style>\n<\/div>\n\n\t\t<\/div>\n\n\t\t\n<style>\n#section_157700951 {\n  padding-top: 30px;\n  padding-bottom: 30px;\n}\n<\/style>\n\t<\/section>\n\t\n\n","protected":false},"excerpt":{"rendered":"","protected":false},"author":14,"featured_media":0,"parent":0,"menu_order":0,"comment_status":"closed","ping_status":"closed","template":"","meta":{"footnotes":""},"class_list":["post-9380","page","type-page","status-publish","hentry"],"yoast_head":"<!-- This site is optimized with the Yoast SEO Premium plugin v24.0 (Yoast SEO v24.0) - https:\/\/yoast.com\/wordpress\/plugins\/seo\/ -->\n<title>Charte de qualit\u00e9 - Touring Dealer<\/title>\n<meta name=\"description\" content=\"Touring CarSelect - Voiture d&#039;occasion - D\u00e9couvrez des informations sur Charte de qualit\u00e9\" \/>\n<meta name=\"robots\" content=\"index, follow, max-snippet:-1, max-image-preview:large, max-video-preview:-1\" \/>\n<link rel=\"canonical\" href=\"https:\/\/carselect.touring.be\/fr\/charte-de-qualite\/\" \/>\n<meta property=\"og:locale\" content=\"fr_FR\" \/>\n<meta property=\"og:type\" content=\"article\" \/>\n<meta property=\"og:title\" content=\"Charte de qualit\u00e9\" \/>\n<meta property=\"og:description\" content=\"Touring CarSelect - Voiture d&#039;occasion - D\u00e9couvrez des informations sur Charte de qualit\u00e9\" \/>\n<meta property=\"og:url\" content=\"https:\/\/carselect.touring.be\/fr\/charte-de-qualite\/\" \/>\n<meta property=\"og:site_name\" content=\"Touring Dealer\" \/>\n<meta property=\"article:modified_time\" content=\"2025-07-22T13:49:18+00:00\" \/>\n<meta name=\"twitter:card\" content=\"summary_large_image\" \/>\n<meta name=\"twitter:label1\" content=\"Dur\u00e9e de lecture est.\" \/>\n\t<meta name=\"twitter:data1\" content=\"2 minutes\" \/>\n<script type=\"application\/ld+json\" class=\"yoast-schema-graph\">{\"@context\":\"https:\/\/schema.org\",\"@graph\":[{\"@type\":\"WebPage\",\"@id\":\"https:\/\/carselect.touring.be\/fr\/charte-de-qualite\/\",\"url\":\"https:\/\/carselect.touring.be\/fr\/charte-de-qualite\/\",\"name\":\"Charte de qualit\u00e9 - Touring Dealer\",\"isPartOf\":{\"@id\":\"https:\/\/carselect.touring.be\/fr\/#website\"},\"datePublished\":\"2024-04-23T14:14:01+00:00\",\"dateModified\":\"2025-07-22T13:49:18+00:00\",\"description\":\"Touring CarSelect - Voiture d'occasion - D\u00e9couvrez des informations sur Charte de qualit\u00e9\",\"breadcrumb\":{\"@id\":\"https:\/\/carselect.touring.be\/fr\/charte-de-qualite\/#breadcrumb\"},\"inLanguage\":\"fr-BE\",\"potentialAction\":[{\"@type\":\"ReadAction\",\"target\":[\"https:\/\/carselect.touring.be\/fr\/charte-de-qualite\/\"]}]},{\"@type\":\"BreadcrumbList\",\"@id\":\"https:\/\/carselect.touring.be\/fr\/charte-de-qualite\/#breadcrumb\",\"itemListElement\":[{\"@type\":\"ListItem\",\"position\":1,\"name\":\"Home\",\"item\":\"https:\/\/carselect.touring.be\/fr\/\"},{\"@type\":\"ListItem\",\"position\":2,\"name\":\"Charte de qualit\u00e9\"}]},{\"@type\":\"WebSite\",\"@id\":\"https:\/\/carselect.touring.be\/fr\/#website\",\"url\":\"https:\/\/carselect.touring.be\/fr\/\",\"name\":\"Touring CarSelect\",\"description\":\"\",\"publisher\":{\"@id\":\"https:\/\/carselect.touring.be\/fr\/#organization\"},\"potentialAction\":[{\"@type\":\"SearchAction\",\"target\":{\"@type\":\"EntryPoint\",\"urlTemplate\":\"https:\/\/carselect.touring.be\/fr\/?s={search_term_string}\"},\"query-input\":{\"@type\":\"PropertyValueSpecification\",\"valueRequired\":true,\"valueName\":\"search_term_string\"}}],\"inLanguage\":\"fr-BE\"},{\"@type\":\"Organization\",\"@id\":\"https:\/\/carselect.touring.be\/fr\/#organization\",\"name\":\"Touring CarSelect\",\"url\":\"https:\/\/carselect.touring.be\/fr\/\",\"logo\":{\"@type\":\"ImageObject\",\"inLanguage\":\"fr-BE\",\"@id\":\"https:\/\/carselect.touring.be\/fr\/#\/schema\/logo\/image\/\",\"url\":\"\/wp-content\/uploads\/2024\/04\/Touring-Car-Select-Logo.png\",\"contentUrl\":\"\/wp-content\/uploads\/2024\/04\/Touring-Car-Select-Logo.png\",\"width\":154,\"height\":53,\"caption\":\"Touring CarSelect\"},\"image\":{\"@id\":\"https:\/\/carselect.touring.be\/fr\/#\/schema\/logo\/image\/\"}}]}<\/script>\n<!-- \/ Yoast SEO Premium plugin. -->","yoast_head_json":{"title":"Charte de qualit\u00e9 - Touring Dealer","description":"Touring CarSelect - Voiture d'occasion - D\u00e9couvrez des informations sur Charte de qualit\u00e9","robots":{"index":"index","follow":"follow","max-snippet":"max-snippet:-1","max-image-preview":"max-image-preview:large","max-video-preview":"max-video-preview:-1"},"canonical":"https:\/\/carselect.touring.be\/fr\/charte-de-qualite\/","og_locale":"fr_FR","og_type":"article","og_title":"Charte de qualit\u00e9","og_description":"Touring CarSelect - Voiture d'occasion - D\u00e9couvrez des informations sur Charte de qualit\u00e9","og_url":"https:\/\/carselect.touring.be\/fr\/charte-de-qualite\/","og_site_name":"Touring Dealer","article_modified_time":"2025-07-22T13:49:18+00:00","twitter_card":"summary_large_image","twitter_misc":{"Dur\u00e9e de lecture est.":"2 minutes"},"schema":{"@context":"https:\/\/schema.org","@graph":[{"@type":"WebPage","@id":"https:\/\/carselect.touring.be\/fr\/charte-de-qualite\/","url":"https:\/\/carselect.touring.be\/fr\/charte-de-qualite\/","name":"Charte de qualit\u00e9 - Touring Dealer","isPartOf":{"@id":"https:\/\/carselect.touring.be\/fr\/#website"},"datePublished":"2024-04-23T14:14:01+00:00","dateModified":"2025-07-22T13:49:18+00:00","description":"Touring CarSelect - Voiture d'occasion - D\u00e9couvrez des informations sur Charte de qualit\u00e9","breadcrumb":{"@id":"https:\/\/carselect.touring.be\/fr\/charte-de-qualite\/#breadcrumb"},"inLanguage":"fr-BE","potentialAction":[{"@type":"ReadAction","target":["https:\/\/carselect.touring.be\/fr\/charte-de-qualite\/"]}]},{"@type":"BreadcrumbList","@id":"https:\/\/carselect.touring.be\/fr\/charte-de-qualite\/#breadcrumb","itemListElement":[{"@type":"ListItem","position":1,"name":"Home","item":"https:\/\/carselect.touring.be\/fr\/"},{"@type":"ListItem","position":2,"name":"Charte de qualit\u00e9"}]},{"@type":"WebSite","@id":"https:\/\/carselect.touring.be\/fr\/#website","url":"https:\/\/carselect.touring.be\/fr\/","name":"Touring CarSelect","description":"","publisher":{"@id":"https:\/\/carselect.touring.be\/fr\/#organization"},"potentialAction":[{"@type":"SearchAction","target":{"@type":"EntryPoint","urlTemplate":"https:\/\/carselect.touring.be\/fr\/?s={search_term_string}"},"query-input":{"@type":"PropertyValueSpecification","valueRequired":true,"valueName":"search_term_string"}}],"inLanguage":"fr-BE"},{"@type":"Organization","@id":"https:\/\/carselect.touring.be\/fr\/#organization","name":"Touring CarSelect","url":"https:\/\/carselect.touring.be\/fr\/","logo":{"@type":"ImageObject","inLanguage":"fr-BE","@id":"https:\/\/carselect.touring.be\/fr\/#\/schema\/logo\/image\/","url":"\/wp-content\/uploads\/2024\/04\/Touring-Car-Select-Logo.png","contentUrl":"\/wp-content\/uploads\/2024\/04\/Touring-Car-Select-Logo.png","width":154,"height":53,"caption":"Touring CarSelect"},"image":{"@id":"https:\/\/carselect.touring.be\/fr\/#\/schema\/logo\/image\/"}}]}},"_links":{"self":[{"href":"https:\/\/carselect.touring.be\/fr\/wp-json\/wp\/v2\/pages\/9380","targetHints":{"allow":["GET"]}}],"collection":[{"href":"https:\/\/carselect.touring.be\/fr\/wp-json\/wp\/v2\/pages"}],"about":[{"href":"https:\/\/carselect.touring.be\/fr\/wp-json\/wp\/v2\/types\/page"}],"author":[{"embeddable":true,"href":"https:\/\/carselect.touring.be\/fr\/wp-json\/wp\/v2\/users\/14"}],"replies":[{"embeddable":true,"href":"https:\/\/carselect.touring.be\/fr\/wp-json\/wp\/v2\/comments?post=9380"}],"version-history":[{"count":11,"href":"https:\/\/carselect.touring.be\/fr\/wp-json\/wp\/v2\/pages\/9380\/revisions"}],"predecessor-version":[{"id":14071,"href":"https:\/\/carselect.touring.be\/fr\/wp-json\/wp\/v2\/pages\/9380\/revisions\/14071"}],"wp:attachment":[{"href":"https:\/\/carselect.touring.be\/fr\/wp-json\/wp\/v2\/media?parent=9380"}],"curies":[{"name":"wp","href":"https:\/\/api.w.org\/{rel}","templated":true}]}}