{"id":7219,"date":"2023-12-14T18:07:45","date_gmt":"2023-12-14T17:07:45","guid":{"rendered":"https:\/\/wp-bnp.azurewebsites.net\/services-solutions\/"},"modified":"2026-03-06T12:58:24","modified_gmt":"2026-03-06T11:58:24","slug":"services-solutions","status":"publish","type":"page","link":"https:\/\/carselect.touring.be\/fr\/services-solutions\/","title":{"rendered":"Services &amp; solutions"},"content":{"rendered":"\n\t<div class=\"img has-hover services-blue-lines x md-x lg-x y md-y lg-y\" id=\"image_1078310326\">\n\t\t\t\t\t\t\t\t<div class=\"img-inner dark\" >\n\t\t\t<img loading=\"lazy\" decoding=\"async\" width=\"721\" height=\"355\" src=\"\/wp-content\/uploads\/2024\/02\/services-blue-lines.png\" class=\"attachment-original size-original\" alt=\"\" srcset=\"\/wp-content\/uploads\/2024\/02\/services-blue-lines.png 721w, \/wp-content\/uploads\/2024\/02\/services-blue-lines-300x148.png 300w\" sizes=\"auto, (max-width: 721px) 100vw, 721px\" \/>\t\t\t\t\t\t\n\t\t\t\t\t<\/div>\n\t\t\t\t\t\t\t\t\n<style>\n#image_1078310326 {\n  width: 100%;\n}\n<\/style>\n\t<\/div>\n\t\n\n\n\t<section class=\"section services-menu\" id=\"section_1756024871\">\n\t\t<div class=\"section-bg fill\" >\n\t\t\t\t\t\t\t\t\t\n\t\t\t\n\n\t\t<\/div>\n\n\t\t\n\n\t\t<div class=\"section-content relative\">\n\t\t\t\n\n<div class=\"row\"  id=\"row-51402365\">\n\n\n\t<div id=\"col-867904361\" class=\"col small-12 large-12\"  >\n\t\t\t\t<div class=\"col-inner\"  >\n\t\t\t\n\t\t\t\n\n\t<div id=\"text-2198002678\" class=\"text\">\n\t\t\n\n<h1 style=\"font-size:36px;font-style:italic; font-weight:normal;\">Services et solutions voitures d&rsquo;occasion <\/h1>\n\t\t\n<style>\n#text-2198002678 {\n  font-size: 1rem;\n  line-height: 1;\n  color: #00418c;\n}\n#text-2198002678 > * {\n  color: #00418c;\n}\n<\/style>\n\t<\/div>\n\t\n\n\t\t<\/div>\n\t\t\t\t\t<\/div>\n\n\t\n\n\t<div id=\"col-806141564\" class=\"col services-scroll-to-buttons small-12 large-12\"  >\n\t\t\t\t<div class=\"col-inner\"  >\n\t\t\t\n\t\t\t\n\n<a href=\"#roadside-assistance\" class=\"button primary is-underline lowercase service-button scroll-to-section\"  >\n\t\t<span>Assistance d\u00e9pannage<\/span>\n\t<\/a>\n\n\n<a href=\"#financing\" class=\"button primary is-underline lowercase service-button scroll-to-section\"  >\n\t\t<span>Financement<\/span>\n\t<\/a>\n\n\n<a href=\"#car-insurance\" class=\"button primary is-underline lowercase service-button scroll-to-section\"  >\n\t\t<span>Assurance auto<\/span>\n\t<\/a>\n\n\n<a href=\"#leasing\" class=\"button primary is-underline lowercase service-button scroll-to-section\"  >\n\t\t<span>Private &amp; Business Lease<\/span>\n\t<\/a>\n\n\n<a href=\"#extended-warranty\" class=\"button primary is-underline lowercase service-button scroll-to-section hidden\"  >\n\t\t<span>Extension de garantie<\/span>\n\t<\/a>\n\n\n\n\t\t<\/div>\n\t\t\t\t\t<\/div>\n\n\t\n\n<\/div>\n\n\t\t<\/div>\n\n\t\t\n<style>\n#section_1756024871 {\n  padding-top: 30px;\n  padding-bottom: 30px;\n}\n<\/style>\n\t<\/section>\n\t\n\n\t<section class=\"section roadside-assistance-section dark-blue-background\" id=\"section_1107659329\">\n\t\t<div class=\"section-bg fill\" >\n\t\t\t\t\t\t\t\t\t\n\t\t\t\n\n\t\t<\/div>\n\n\t\t\n\n\t\t<div class=\"section-content relative\">\n\t\t\t\n\n<div class=\"row\"  id=\"row-848283758\">\n\n\n\t<div id=\"col-1203648631\" class=\"col small-12 large-12\"  >\n\t\t\t\t<div class=\"col-inner\"  >\n\t\t\t\n\t\t\t\n\n\n\n<style>\n .roadside-assistance-item {\n      display: flex;\n      align-items: baseline;\n      position: relative;\n      margin-bottom: 10px;\nfont-size: 18px;\n  }\n .roadside-assistance-circle {\n      width: 24px;\nmin-width: 24px;\n      height: 24px;\n      border-radius: 50%;\n      background-color: var(--success-color);\n      display: flex;\n      justify-content: center;\n      align-items: center;\n      font-weight: bold;\n      position: relative;\ncolor: #00418c;\n  }\n\n  .roadside-assistance-text {\n      margin-left: 8px;\ncolor: white;\n  }\n\n.roadside-assistance-conditions-button {\nmargin-bottom: 30px;\n}\n\n.roadside-assistance-conditions-button:hover {\ncolor: white !important;\n}\n\n#roadside-assistance .important-text {\nfont-size: 20px;\n}\n\n.touring-button {\ncolor: var(--primary-color)!important;\n}\n\n#roadside-assistance ~ .service-link:focus {\ncolor:  var(--primary-color)!important;\n}\n\n.roadside-assistance-section p {\ntext-align: left !important;\n}\n\n<\/style>\n\n<div id=\"roadside-assistance\">\n<h3 data-text-color=\"success\" >Assistance d\u00e9pannage Touring<\/h3>\n<p>En choisissant votre v\u00e9hicule via Touring CarSelect, vous <span class=\"important-text\" data-text-color=\"success\"><strong>b\u00e9n\u00e9ficiez de 12 mois d\u2019assistance d\u00e9pannage Touring + voiture de remplacement offerts<\/strong><\/span>, valable partout en Belgique !<\/p>\n<p>Comment en profiter ? C\u2019est simple :<\/p>\n<div class=\"roadside-assistance-item\">\n<div class=\"roadside-assistance-circle\">1<\/div>\n<div class=\"roadside-assistance-text\">Trouvez le v\u00e9hicule de vos r\u00eaves sur Touring CarSelect.<\/div>\n<\/div>\n<div class=\"roadside-assistance-item\">\n<div class=\"roadside-assistance-circle\">2<\/div>\n<div class=\"roadside-assistance-text\">Rendez-vous chez le vendeur pour finaliser votre achat.<\/div>\n<\/div>\n<div class=\"roadside-assistance-item\">\n<div class=\"roadside-assistance-circle\">3<\/div>\n<div class=\"roadside-assistance-text\">Demandez au professionnel d\u2019activer votre souscription lors de la livraison de votre nouveau v\u00e9hicule, en vous \tenvoyant la confirmation directement \u00e0 votre adresse e-mail.<\/div>\n<\/div>\n<p>Roulez l\u2019esprit tranquille, Touring CarSelect veille sur vous !<\/p>\n<\/div>\n<a href=\"\/fr\/conditions-assistance\/\" class=\"button white is-underline lowercase roadside-assistance-conditions-button\"  >\n\t\t<span>Conditions de l'offre<\/span>\n\t<\/a>\n\n\n\t<div id=\"gap-1845729967\" class=\"gap-element clearfix\" style=\"display:block; height:auto;\">\n\t\t\n<style>\n#gap-1845729967 {\n  padding-top: 0px;\n}\n<\/style>\n\t<\/div>\n\t\n\n<a href=\"\/fr\/acheter-une-voiture\/\" class=\"button success lowercase service-link\"  >\n\t\t<span>Voir tout le stock<\/span>\n\t<\/a>\n\n\n\t<div id=\"gap-1159128785\" class=\"gap-element clearfix\" style=\"display:block; height:auto;\">\n\t\t\n<style>\n#gap-1159128785 {\n  padding-top: 20px;\n}\n<\/style>\n\t<\/div>\n\t\n\n<p>\nSi vous souhaitez une assistance plus \u00e9tendue (payante), rendez-vous sur <a href=\"https:\/\/www.touring.be\/fr\">touring.be<\/a> !<br \/>\nTouring votre partenaire mobilit\u00e9 accorde une importance particuli\u00e8re \u00e0 la qualit\u00e9, au service et \u00e0 la fiabilit\u00e9. O\u00f9 que vous alliez et quelles que soient vos d\u00e9cisions, Touring est toujours \u00e0 vos c\u00f4t\u00e9s.<\/p>\n<a href=\"https:\/\/www.touring.be\/fr\" target=\"_blank\" class=\"button white lowercase service-link touring-button\" rel=\"noopener\"  style=\"border-radius:8px;\">\n\t\t<span>Assistance d\u00e9pannage sur mesure<\/span>\n\t<\/a>\n\n\n\n\t\t<\/div>\n\t\t\t\t\t<\/div>\n\n\t\n\n<\/div>\n\n\t\t<\/div>\n\n\t\t\n<style>\n#section_1107659329 {\n  padding-top: 30px;\n  padding-bottom: 30px;\n}\n<\/style>\n\t<\/section>\n\t\n\n\t<section class=\"section white-background financing-service\" id=\"section_1707402738\">\n\t\t<div class=\"section-bg fill\" >\n\t\t\t\t\t\t\t\t\t\n\t\t\t\n\n\t\t<\/div>\n\n\t\t\n\n\t\t<div class=\"section-content relative\">\n\t\t\t\n\n<div class=\"row\"  id=\"row-1788896204\">\n\n\n\t<div id=\"col-1846102330\" class=\"col small-12 large-12\"  >\n\t\t\t\t<div class=\"col-inner\"  >\n\t\t\t\n\t\t\t\n\n<div id=\"financing\">\n<h3>Financement<\/h3>\n<p>Vous avez trouv\u00e9 la voiture de vos r\u00eaves\u00a0? Reste une question essentielle : comment la financer ?<\/p>\n<p>Si vous pr\u00e9f\u00e9rez \u00e9chelonner le paiement plut\u00f4t que de tout r\u00e9gler en une fois, deux options s\u2019offrent \u00e0 vous : le cr\u00e9dit classique et le cr\u00e9dit ballon.<\/p>\n<p><strong>Qu\u2019est-ce que le cr\u00e9dit classique\u00a0?<\/strong><\/p>\n<p>Il s\u2019agit d\u2019un pr\u00eat \u00e0 temp\u00e9rament. Vous choisissez le montant de l\u2019\u00e9ventuel acompte, ainsi que la dur\u00e9e du pr\u00eat (dans les limites pr\u00e9vues par la loi). Ensuite, vous remboursez chaque mois un montant fixe, jusqu\u2019\u00e0 la fin du contrat.<\/p>\n<p><img loading=\"lazy\" decoding=\"async\" class=\"aligncenter wp-image-14721 size-full\" src=\"\/wp-content\/uploads\/2025\/10\/classic-financing-fr.png\" alt=\"classic financing fr\" alt=\"classic financing\" width=\"3716\" height=\"1905\" \/><\/p>\n<p><strong>Et le cr\u00e9dit ballon\u00a0?<\/strong><\/p>\n<p>Le cr\u00e9dit ballon est \u00e9galement un pr\u00eat \u00e0 temp\u00e9rament, mais avec une particularit\u00e9 : la derni\u00e8re mensualit\u00e9 est plus \u00e9lev\u00e9e. Cette mensualit\u00e9 major\u00e9e est appel\u00e9e le \u00ab ballon \u00bb.<\/p>\n<p>Concr\u00e8tement, vous reportez une partie du remboursement \u00e0 la fin du contrat, ce qui vous permet de b\u00e9n\u00e9ficier de mensualit\u00e9s plus faibles pendant toute la dur\u00e9e du pr\u00eat.<\/p>\n<p>Cette formule peut \u00eatre int\u00e9ressante si vous pensez changer de voiture \u00e0 la fin du cr\u00e9dit : la revente de votre v\u00e9hicule peut alors servir \u00e0 r\u00e9gler le ballon.<\/p>\n<p>Dans tous les cas, il est pr\u00e9f\u00e9rable de pr\u00e9voir d\u00e8s le d\u00e9part un plan clair pour rembourser cette derni\u00e8re \u00e9ch\u00e9ance.<\/p>\n<h3 style=\"font-size: 20.16px;\"><img loading=\"lazy\" decoding=\"async\" class=\"aligncenter wp-image-14725 size-full\" src=\"\/wp-content\/uploads\/2025\/10\/baloon-financing-fr.png\" alt=\"baloon financing fr\" width=\"3716\" height=\"1905\" \/><\/h3>\n<p style=\"margin-bottom: 20px;\"><strong>En r\u00e9sum\u00e9<\/strong><\/p>\n<ul style=\"margin-bottom: 10px;\">\n<li>Cr\u00e9dit classique : id\u00e9al si vous pr\u00e9f\u00e9rez rembourser le m\u00eame montant chaque mois.<\/li>\n<li>Cr\u00e9dit ballon : parfait si vous souhaitez r\u00e9duire vos mensualit\u00e9s.<\/li>\n<\/ul>\n<div class=\"title financing-title\">ATTENTION, EMPRUNTER DE L\u2019ARGENT CO\u00dbTE AUSSI DE L\u2019ARGENT.<\/div>\n<style>\n.financing-title{font-size: 4vh !important;    font-family: \"cera_condensedlight\";    font-weight: normal;}<br \/>\n<\/style>\n<p><img loading=\"lazy\" decoding=\"async\" class=\"alignleft wp-image-14737 size-full\" src=\"\/wp-content\/uploads\/2025\/10\/Picture1.png\" alt=\"alpha credit\" width=\"278\" height=\"86\" \/><\/p>\n<\/div>\n\n\t\t<\/div>\n\t\t\t\t\t<\/div>\n\n\t\n\n<\/div>\n\n\t\t<\/div>\n\n\t\t\n<style>\n#section_1707402738 {\n  padding-top: 30px;\n  padding-bottom: 30px;\n}\n<\/style>\n\t<\/section>\n\t\n\n\t<section class=\"section blue-background\" id=\"section_1124459657\">\n\t\t<div class=\"section-bg fill\" >\n\t\t\t\t\t\t\t\t\t\n\t\t\t\n\n\t\t<\/div>\n\n\t\t\n\n\t\t<div class=\"section-content relative\">\n\t\t\t\n\n<div class=\"row\"  id=\"row-632999365\">\n\n\n\t<div id=\"col-1843191770\" class=\"col small-12 large-12\"  >\n\t\t\t\t<div class=\"col-inner dark\"  >\n\t\t\t\n\t\t\t\n\n<div id=\"car-insurance\">\n<h3>Assurance auto<\/h3>\n<p>AG est le leader du march\u00e9 des assurances en Belgique. Forte de ses 200 ans d&rsquo;exp\u00e9rience et d&rsquo;expertise, elle est au service de 3 millions de clients. Chaque jour, ses \u00e9quipes traitent pas moins de 1.700 sinistres et versent plus de 4 millions d&rsquo;euros d\u2019indemnisations.<br \/>RC Auto, mini omnium, Omnium, Protection Juridique\u2026 AG vous propose une gamme compl\u00e8te. De quoi prendre la route en toute s\u00e9r\u00e9nit\u00e9.<\/p>\n<ul>\n<li>La RC Auto est obligatoire. AG <b>ne se limite toutefois pas au minimum l\u00e9gal.<\/b> Avec l\u2019<a href=\"https:\/\/ag.be\/particuliers\/fr\/assurances\/vehicules\/assurance-auto-belgique\/assurance-responsabilite-civile-auto\" target=\"_blank\" rel=\"noopener\">assurance Responsabilit\u00e9 Civile Auto d\u2019AG<\/a> vous b\u00e9n\u00e9ficiez d\u2019une assistance imm\u00e9diate gratuite et d\u2019une voiture de remplacement.<\/li>\n<li><b>Vous avez jet\u00e9 votre d\u00e9volu sur une nouvelle voiture ou une occasion r\u00e9cente?<\/b> <a href=\"https:\/\/ag.be\/particuliers\/fr\/assurances\/vehicules\/assurance-auto-belgique\/assurance-auto-omnium\" target=\"_blank\" rel=\"noopener\">La Top Omnium d\u2019AG<\/a>, une formule sp\u00e9cialement con\u00e7ue pour les nouveaux v\u00e9hicules, qui couvre tous les d\u00e9g\u00e2ts \u00e0 votre voiture, peu importe la cause.<\/li>\n<li>Vous voulez le m\u00eame niveau de protection pour votre voiture d&rsquo;occasion ? Optez pour <a href=\"https:\/\/ag.be\/particuliers\/fr\/assurances\/vehicules\/assurance-auto-belgique\/assurance-omnium-voiture-occasion\" target=\"_blank\" rel=\"noopener\">la Top Occasium d\u2019AG<\/a>, une <b>omnium faite pour les v\u00e9hicules d\u2019occasion<\/b> et qui couvre, elle aussi, tous les d\u00e9g\u00e2ts \u00e0 votre voiture, quelle que soit la cause.<\/li>\n<li><b>Vous n\u2019avez plus vraiment besoin d\u2019une omnium, mais vous voudriez tout de m\u00eame une couverture suppl\u00e9mentaire?<\/b> AG vous propose <a href=\"https:\/\/ag.be\/particuliers\/fr\/assurances\/vehicules\/assurance-auto-belgique\/omninatureandglass\" target=\"_blank\" rel=\"noopener\">l\u2019assurance OmniNature<\/a>, une protection compl\u00e8te contre les d\u00e9g\u00e2ts mat\u00e9riels occasionn\u00e9s par les forces de la nature (inondation, temp\u00eate, averse de gr\u00eale\u2026). Vous voulez aussi une couverture des bris de vitrage? Pas de souci, optez pour <a href=\"https:\/\/ag.be\/particuliers\/fr\/assurances\/vehicules\/assurance-auto-belgique\/omninatureandglass\" target=\"_blank\" rel=\"noopener\">l\u2019assurance OmniNature&amp;Glass.<\/a><\/li>\n<\/ul>\n<p><b>Votre v\u00e9hicule est bien assur\u00e9, vos passagers aussi&#8230; Vous n\u2019avez rien oubli\u00e9?<\/b><\/p>\n<p>En cas d\u2019accident, la RC Auto <b>ne couvre pas les dommages corporels de la personne au volant de la voiture.<\/b> AG a une solution: <b>l\u2019assurance<\/b> <a href=\"https:\/\/ag.be\/particuliers\/fr\/assurances\/vehicules\/assurance-auto-belgique\/top-conducteur\" target=\"_blank\" rel=\"noopener\">Top Conducteur<\/a>, qui indemnise ces frais jusqu\u2019\u00e0 1.250.000 euros.<\/p>\n<p>Et pour <b>un soutien complet \u00e0 votre v\u00e9hicule mais \u00e9galement \u00e0 votre famille<\/b>, AG vous propose la <a href=\"https:\/\/ag.be\/particuliers\/fr\/assurances\/assistance-voyages\/top-assistance\" target=\"_blank\" rel=\"noopener\">Top Assistance<\/a>: <b>un service d\u2019assistance complet<\/b> comprenant r\u00e9paration, remorquage, v\u00e9hicule de remplacement. En plus de quoi, si vous \u00eates malade ou bless\u00e9(e), les frais m\u00e9dicaux et d\u2019hospitalisation sont pris en charge. Et si vous \u00eates victime d\u2019un accident de ski, ou que vous vous cassez la jambe en excursion en Italie, les frais de rapatriement sont couverts.<\/p>\n<p>Vous vous demandez quelle assurance r\u00e9pond le mieux \u00e0 vos besoins ? Adressez-vous \u00e0 un courtier ou une agence BNP. Rendez-vous sur <a href=\"https:\/\/ag.be\/\" target=\"_blank\" rel=\"noopener\">www.ag.be<\/a> pour en savoir plus sur les assurances d\u2019AG et pour obtenir les coordonn\u00e9es de nos partenaires de distribution.<\/p>\n<\/div>\n<a href=\"https:\/\/ag.be\/particuliers\/fr\/simulations\/simulation-assurance-auto?utm_medium=affiliate-paid&#038;utm_source=TCS&#038;utm_campaign=DUC-Car-fr&#038;utm_content=services\" target=\"_blank\" class=\"button success lowercase service-link\" rel=\"noopener\"  style=\"border-radius:8px;\">\n\t\t<span>Plus d\u2019informations sur le prix<\/span>\n\t<\/a>\n\n\n\n\t\t<\/div>\n\t\t\t\t\t<\/div>\n\n\t\n\n<\/div>\n\n\t\t<\/div>\n\n\t\t\n<style>\n#section_1124459657 {\n  padding-top: 30px;\n  padding-bottom: 30px;\n}\n<\/style>\n\t<\/section>\n\t\n\n\t<section class=\"section white-background\" id=\"section_2022822662\">\n\t\t<div class=\"section-bg fill\" >\n\t\t\t\t\t\t\t\t\t\n\t\t\t\n\n\t\t<\/div>\n\n\t\t\n\n\t\t<div class=\"section-content relative\">\n\t\t\t\n\n<div class=\"row\"  id=\"row-2023597136\">\n\n\n\t<div id=\"col-1330405104\" class=\"col small-12 large-12\"  >\n\t\t\t\t<div class=\"col-inner\"  >\n\t\t\t\n\t\t\t\n\n<div id=\"leasing\">\n<h3>Private &amp; Business Lease<\/h3>\n<p>La vraie richesse? C\u2019est la libert\u00e9. L\u2019ind\u00e9pendance. La tranquillit\u00e9 d\u2019esprit. La libert\u00e9 d\u2019organiser votre vie comme bon vous semble, du sur mesure. Sans mauvaises surprise ni frais suppl\u00e9mentaire.<br \/>Cette libert\u00e9 et cette tranquillit\u00e9 d\u2019esprit sont justement ce que Arval vous offre. Une voiture presque neuve <a href=\"https:\/\/autoselect.arval.be\/fr\" target=\"_blank\" rel=\"noopener\">autoselect.arval.be<\/a> moyennant une mensualit\u00e9 fixe. Sans le moindre souci.<\/p>\n<p><b>Pourquoi choisir Arval?<\/b><\/p>\n<p>Arval est un partenaire fiable. En plus, en 2023, Arval fut la premi\u00e8re soci\u00e9t\u00e9 de leasing belge \u00e0 f\u00eater son 100.000e v\u00e9hicule sur les routes, une \u00e9tape importante.<br \/>De plus, nous sommes \u00e9galement une filiale de BNP Paribas Fortis.<\/p>\n<p><a href=\"https:\/\/autoselect.arval.be\/fr\" target=\"_blank\" rel=\"noopener\">Arval AutoSelect<\/a> propose des voiture d\u2019occasion en leasing avec de nombreuses garanties:<\/p>\n<ul>\n<li><b>Historique d&rsquo;entretien complet<\/b><br \/>Nous choisissons nos v\u00e9hicules par le biais d&rsquo;un processus de s\u00e9lection rigoureux, dans le cadre duquel nous examinons l&rsquo;\u00e9tat, le kilom\u00e9trage et les sp\u00e9cifications.<\/li>\n<li><b>Disponibilit\u00e9<\/b><br \/>Tous nos v\u00e9hicules sont en stock. Dankzij ons eenvoudig proces en opvolging op maat zit u binnenkort achter het stuur van uw wagen!<\/li>\n<li><b>S\u00e9r\u00e9nit\u00e9<\/b><br \/>Vous pouvez compter sur un ensemble de services compl\u00e8t, afin de prendre la route l\u2019esprit tranquille. Arval se charge de tout, afin que vous puissiez vous concentrer sur votre activit\u00e9!<\/li>\n<li><b>V\u00e9hicules \u00e2g\u00e9s de moins de 9 ans<\/b><br \/>Issus de la location longue dur\u00e9e, nos v\u00e9hicules sont immatricul\u00e9s depuis moins de 9 ans.<\/li>\n<\/ul>\n<\/div>\n<a href=\"http:\/\/autoselect.arval.be\/fr\" target=\"_blank\" class=\"button success lowercase service-link\" rel=\"noopener\"  style=\"border-radius:8px;\">\n\t\t<span>Aller vers Arval AutoSelect<\/span>\n\t<\/a>\n\n\n\n\t\t<\/div>\n\t\t\t\t\t<\/div>\n\n\t\n\n<\/div>\n\n\t\t<\/div>\n\n\t\t\n<style>\n#section_2022822662 {\n  padding-top: 30px;\n  padding-bottom: 30px;\n}\n<\/style>\n\t<\/section>\n\t\n\n\n","protected":false},"excerpt":{"rendered":"","protected":false},"author":23,"featured_media":0,"parent":0,"menu_order":0,"comment_status":"closed","ping_status":"closed","template":"","meta":{"footnotes":""},"class_list":["post-7219","page","type-page","status-publish","hentry"],"yoast_head":"<!-- This site is optimized with the Yoast SEO Premium plugin v24.0 (Yoast SEO v24.0) - https:\/\/yoast.com\/wordpress\/plugins\/seo\/ -->\n<title>Services et solutions voitures d&#039;occasion - Touring CarSelect<\/title>\n<meta name=\"description\" content=\"Services et solutions pour voitures d&#039;occasion - Touring CarSelect vous propose un large choix de voitures d&#039;occasion et d&#039;autres services et solutions.\" \/>\n<meta name=\"robots\" content=\"index, follow, max-snippet:-1, max-image-preview:large, max-video-preview:-1\" \/>\n<link rel=\"canonical\" href=\"https:\/\/carselect.touring.be\/fr\/services-solutions\/\" \/>\n<meta property=\"og:locale\" content=\"fr_FR\" \/>\n<meta property=\"og:type\" content=\"article\" \/>\n<meta property=\"og:title\" content=\"Services &amp; solutions\" \/>\n<meta property=\"og:description\" content=\"Services et solutions pour voitures d&#039;occasion - Touring CarSelect vous propose un large choix de voitures d&#039;occasion et d&#039;autres services et solutions.\" \/>\n<meta property=\"og:url\" content=\"https:\/\/carselect.touring.be\/fr\/services-solutions\/\" \/>\n<meta property=\"og:site_name\" content=\"Touring Dealer\" \/>\n<meta property=\"article:modified_time\" content=\"2026-03-06T11:58:24+00:00\" \/>\n<meta name=\"twitter:card\" content=\"summary_large_image\" \/>\n<meta name=\"twitter:label1\" content=\"Dur\u00e9e de lecture est.\" \/>\n\t<meta name=\"twitter:data1\" content=\"6 minutes\" \/>\n<script type=\"application\/ld+json\" class=\"yoast-schema-graph\">{\"@context\":\"https:\/\/schema.org\",\"@graph\":[{\"@type\":\"WebPage\",\"@id\":\"https:\/\/carselect.touring.be\/fr\/services-solutions\/\",\"url\":\"https:\/\/carselect.touring.be\/fr\/services-solutions\/\",\"name\":\"Services et solutions voitures d'occasion - Touring CarSelect\",\"isPartOf\":{\"@id\":\"https:\/\/carselect.touring.be\/fr\/#website\"},\"datePublished\":\"2023-12-14T17:07:45+00:00\",\"dateModified\":\"2026-03-06T11:58:24+00:00\",\"description\":\"Services et solutions pour voitures d'occasion - Touring CarSelect vous propose un large choix de voitures d'occasion et d'autres services et solutions.\",\"breadcrumb\":{\"@id\":\"https:\/\/carselect.touring.be\/fr\/services-solutions\/#breadcrumb\"},\"inLanguage\":\"fr-BE\",\"potentialAction\":[{\"@type\":\"ReadAction\",\"target\":[\"https:\/\/carselect.touring.be\/fr\/services-solutions\/\"]}]},{\"@type\":\"BreadcrumbList\",\"@id\":\"https:\/\/carselect.touring.be\/fr\/services-solutions\/#breadcrumb\",\"itemListElement\":[{\"@type\":\"ListItem\",\"position\":1,\"name\":\"Home\",\"item\":\"https:\/\/carselect.touring.be\/fr\/\"},{\"@type\":\"ListItem\",\"position\":2,\"name\":\"Services &amp; solutions\"}]},{\"@type\":\"WebSite\",\"@id\":\"https:\/\/carselect.touring.be\/fr\/#website\",\"url\":\"https:\/\/carselect.touring.be\/fr\/\",\"name\":\"Touring CarSelect\",\"description\":\"\",\"publisher\":{\"@id\":\"https:\/\/carselect.touring.be\/fr\/#organization\"},\"potentialAction\":[{\"@type\":\"SearchAction\",\"target\":{\"@type\":\"EntryPoint\",\"urlTemplate\":\"https:\/\/carselect.touring.be\/fr\/?s={search_term_string}\"},\"query-input\":{\"@type\":\"PropertyValueSpecification\",\"valueRequired\":true,\"valueName\":\"search_term_string\"}}],\"inLanguage\":\"fr-BE\"},{\"@type\":\"Organization\",\"@id\":\"https:\/\/carselect.touring.be\/fr\/#organization\",\"name\":\"Touring CarSelect\",\"url\":\"https:\/\/carselect.touring.be\/fr\/\",\"logo\":{\"@type\":\"ImageObject\",\"inLanguage\":\"fr-BE\",\"@id\":\"https:\/\/carselect.touring.be\/fr\/#\/schema\/logo\/image\/\",\"url\":\"\/wp-content\/uploads\/2024\/04\/Touring-Car-Select-Logo.png\",\"contentUrl\":\"\/wp-content\/uploads\/2024\/04\/Touring-Car-Select-Logo.png\",\"width\":154,\"height\":53,\"caption\":\"Touring CarSelect\"},\"image\":{\"@id\":\"https:\/\/carselect.touring.be\/fr\/#\/schema\/logo\/image\/\"}}]}<\/script>\n<!-- \/ Yoast SEO Premium plugin. -->","yoast_head_json":{"title":"Services et solutions voitures d'occasion - Touring CarSelect","description":"Services et solutions pour voitures d'occasion - Touring CarSelect vous propose un large choix de voitures d'occasion et d'autres services et solutions.","robots":{"index":"index","follow":"follow","max-snippet":"max-snippet:-1","max-image-preview":"max-image-preview:large","max-video-preview":"max-video-preview:-1"},"canonical":"https:\/\/carselect.touring.be\/fr\/services-solutions\/","og_locale":"fr_FR","og_type":"article","og_title":"Services &amp; solutions","og_description":"Services et solutions pour voitures d'occasion - Touring CarSelect vous propose un large choix de voitures d'occasion et d'autres services et solutions.","og_url":"https:\/\/carselect.touring.be\/fr\/services-solutions\/","og_site_name":"Touring Dealer","article_modified_time":"2026-03-06T11:58:24+00:00","twitter_card":"summary_large_image","twitter_misc":{"Dur\u00e9e de lecture est.":"6 minutes"},"schema":{"@context":"https:\/\/schema.org","@graph":[{"@type":"WebPage","@id":"https:\/\/carselect.touring.be\/fr\/services-solutions\/","url":"https:\/\/carselect.touring.be\/fr\/services-solutions\/","name":"Services et solutions voitures d'occasion - Touring CarSelect","isPartOf":{"@id":"https:\/\/carselect.touring.be\/fr\/#website"},"datePublished":"2023-12-14T17:07:45+00:00","dateModified":"2026-03-06T11:58:24+00:00","description":"Services et solutions pour voitures d'occasion - Touring CarSelect vous propose un large choix de voitures d'occasion et d'autres services et solutions.","breadcrumb":{"@id":"https:\/\/carselect.touring.be\/fr\/services-solutions\/#breadcrumb"},"inLanguage":"fr-BE","potentialAction":[{"@type":"ReadAction","target":["https:\/\/carselect.touring.be\/fr\/services-solutions\/"]}]},{"@type":"BreadcrumbList","@id":"https:\/\/carselect.touring.be\/fr\/services-solutions\/#breadcrumb","itemListElement":[{"@type":"ListItem","position":1,"name":"Home","item":"https:\/\/carselect.touring.be\/fr\/"},{"@type":"ListItem","position":2,"name":"Services &amp; solutions"}]},{"@type":"WebSite","@id":"https:\/\/carselect.touring.be\/fr\/#website","url":"https:\/\/carselect.touring.be\/fr\/","name":"Touring CarSelect","description":"","publisher":{"@id":"https:\/\/carselect.touring.be\/fr\/#organization"},"potentialAction":[{"@type":"SearchAction","target":{"@type":"EntryPoint","urlTemplate":"https:\/\/carselect.touring.be\/fr\/?s={search_term_string}"},"query-input":{"@type":"PropertyValueSpecification","valueRequired":true,"valueName":"search_term_string"}}],"inLanguage":"fr-BE"},{"@type":"Organization","@id":"https:\/\/carselect.touring.be\/fr\/#organization","name":"Touring CarSelect","url":"https:\/\/carselect.touring.be\/fr\/","logo":{"@type":"ImageObject","inLanguage":"fr-BE","@id":"https:\/\/carselect.touring.be\/fr\/#\/schema\/logo\/image\/","url":"\/wp-content\/uploads\/2024\/04\/Touring-Car-Select-Logo.png","contentUrl":"\/wp-content\/uploads\/2024\/04\/Touring-Car-Select-Logo.png","width":154,"height":53,"caption":"Touring CarSelect"},"image":{"@id":"https:\/\/carselect.touring.be\/fr\/#\/schema\/logo\/image\/"}}]}},"_links":{"self":[{"href":"https:\/\/carselect.touring.be\/fr\/wp-json\/wp\/v2\/pages\/7219","targetHints":{"allow":["GET"]}}],"collection":[{"href":"https:\/\/carselect.touring.be\/fr\/wp-json\/wp\/v2\/pages"}],"about":[{"href":"https:\/\/carselect.touring.be\/fr\/wp-json\/wp\/v2\/types\/page"}],"author":[{"embeddable":true,"href":"https:\/\/carselect.touring.be\/fr\/wp-json\/wp\/v2\/users\/23"}],"replies":[{"embeddable":true,"href":"https:\/\/carselect.touring.be\/fr\/wp-json\/wp\/v2\/comments?post=7219"}],"version-history":[{"count":34,"href":"https:\/\/carselect.touring.be\/fr\/wp-json\/wp\/v2\/pages\/7219\/revisions"}],"predecessor-version":[{"id":14741,"href":"https:\/\/carselect.touring.be\/fr\/wp-json\/wp\/v2\/pages\/7219\/revisions\/14741"}],"wp:attachment":[{"href":"https:\/\/carselect.touring.be\/fr\/wp-json\/wp\/v2\/media?parent=7219"}],"curies":[{"name":"wp","href":"https:\/\/api.w.org\/{rel}","templated":true}]}}