{"id":4340,"date":"2022-05-25T12:43:42","date_gmt":"2022-05-25T10:43:42","guid":{"rendered":"https:\/\/wp-bnp.azurewebsites.net\/confidentialite\/"},"modified":"2025-12-18T14:20:04","modified_gmt":"2025-12-18T13:20:04","slug":"confidentialite","status":"publish","type":"page","link":"https:\/\/carselect.touring.be\/fr\/confidentialite\/","title":{"rendered":"CONFIDENTIALIT\u00c9"},"content":{"rendered":"\n\n\t<section class=\"section\" id=\"section_1044902214\">\n\t\t<div class=\"section-bg fill\" >\n\t\t\t\t\t\t\t\t\t\n\t\t\t\n\n\t\t<\/div>\n\n\t\t\n\n\t\t<div class=\"section-content relative\">\n\t\t\t\n\n<div class=\"row\"  id=\"row-158978080\">\n\n\n\t<div id=\"col-1715147264\" class=\"col small-12 large-12\"  >\n\t\t\t\t<div class=\"col-inner\"  >\n\t\t\t\n\t\t\t\n\n\t<div id=\"text-578168703\" class=\"text\">\n\t\t\n\n<div class=\"legal-page\">\n<h1>DECLARATION VIE PRIVEE (d\u2019application \u00e0 partir du 1er avril 2024)<\/h1>\n<h3>INTRODUCTION<\/h3>\n<p>TCS Mobility SA-NV (\u201cNous\u201d), en tant que responsable du traitement, est responsable de la collecte et du traitement de vos donn\u00e9es personnelles dans le cadre de ses activit\u00e9s.<\/p>\n<p>Notre m\u00e9tier consiste \u00e0 g\u00e9rer une plateforme sur laquelle les constructeurs automobiles et les concessionnaires proposent des voitures d&rsquo;occasion \u00e0 la vente aux particuliers. Nous contr\u00f4lons la qualit\u00e9 afin de nous assurer que seules des voitures de qualit\u00e9 sont propos\u00e9es. Les visiteurs du site web peuvent \u00e9galement simuler une option de financement.<\/p>\n<p>L\u2019objectif de la pr\u00e9sente D\u00e9claration Vie Priv\u00e9e est de vous expliquer comment nous traitons vos donn\u00e9es personnelles et comment vous pouvez les contr\u00f4ler et les g\u00e9rer. <\/p>\n<h3>1. \u00caTES-VOUS CONCERN\u00c9 PAR CETTE DECLARATION VIE PRIVEE?<\/h3>\n<p>Vous \u00eates concern\u00e9s par cette D\u00e9claration Vie Priv\u00e9e si vous \u00eates (\u201cVous\u201d) un visiteur de notre site web.<\/p>\n<p>Lorsque vous nous fournissez des donn\u00e9es personnelles relatives \u00e0 d\u2019autres personnes, n\u2019oubliez pas de les informer de la communication de leurs donn\u00e9es et invitez-les \u00e0 prendre connaissance de la pr\u00e9sente D\u00e9claration Vie Priv\u00e9e.<\/p>\n<h3>2. COMMENT POUVEZ-VOUS CONTR\u00d4LER LES TRAITEMENTS QUE NOUS REALISONS SUR VOS DONNEES PERSONNELLES?<\/h3>\n<p>Vous avez des droits qui vous permettent d\u2019exercer un contr\u00f4le significatif sur vos donn\u00e9es personnelles et la fa\u00e7on dont nous les traitons.<\/p>\n<p>Si vous souhaitez exercer les droits d\u00e9crits ci-dessous, merci de nous envoyer une demande par courrier postal adress\u00e9 \u00e0 TCS Mobility SA-NV, Boulevard du Roi Albert II 4, box 12,1000 Bruxelles avec un scan\/copie de votre pi\u00e8ce d\u2019identit\u00e9 ou par email \u00e0 <a href=\"mailto:info@touringcarselect.be\">info@touringcarselect.be<\/a>.<\/p>\n<p>Si vous avez des questions concernant l\u2019utilisation de vos donn\u00e9es personnelles en vertu de la pr\u00e9sente D\u00e9claration Vie Priv\u00e9e, veuillez nous contacter \u00e0 TCS Mobility SA-NV, Boulevard du Roi Albert II 4, box 12,1000 Bruxelles ou en nous envoyant un e-mail \u00e0 <a href=\"mailto:info@touringcarselect.be\">info@touringcarselect.be<\/a>.<\/p>\n<ul>\n<li><b>2.1. Vous pouvez demander l\u2019acc\u00e8s \u00e0 vos donn\u00e9es personnelles<\/b><br \/>Si vous souhaitez avoir acc\u00e8s \u00e0 vos donn\u00e9es personnelles, nous vous fournirons une copie des donn\u00e9es personnelles sur lesquelles porte votre demande ainsi que les informations se rapportant \u00e0 leur traitement.<\/li>\n<li><b>2.2. Vous pouvez demander la rectification de vos donn\u00e9es personnelles<\/b><br \/>Si vous consid\u00e9rez que vos donn\u00e9es personnelles sont inexactes ou incompl\u00e8tes, vous pouvez demander qu\u2019elles soient modifi\u00e9es ou compl\u00e9t\u00e9es. Dans certains cas, une pi\u00e8ce justificative pourra vous \u00eatre demand\u00e9e.<\/li>\n<li><b>2.3. Vous pouvez demander l\u2019effacement de vos donn\u00e9es personnelles<\/b><br \/>Si vous le souhaitez, vous pouvez demander la suppression de vos donn\u00e9es personnelles dans les limites autoris\u00e9es par la loi.<\/li>\n<li><b>2.4. Vous pouvez vous opposer au traitement de vos donn\u00e9es personnelles fond\u00e9 sur l\u2019int\u00e9r\u00eat l\u00e9gitime<\/b><br \/>Si vous n\u2019\u00eates pas d\u2019accord avec un traitement fond\u00e9 sur l\u2019int\u00e9r\u00eat l\u00e9gitime, vous pouvez vous opposer \u00e0 celui-ci, pour des raisons tenant \u00e0 votre situation particuli\u00e8re, en nous indiquant pr\u00e9cis\u00e9ment le traitement concern\u00e9 et les raisons. Nous ne traiterons plus vos donn\u00e9es personnelles sauf s\u2019il existe des motifs l\u00e9gitimes imp\u00e9rieux de les traiter ou si celles-ci sont n\u00e9cessaires \u00e0 la constatation, l\u2019exercice ou la d\u00e9fense de droits en justice.<\/li>\n<li><b>2.5. Vous pouvez vous opposer au traitement de vos donn\u00e9es personnelles \u00e0 des fins de prospection commerciale<\/b><br \/>Vous avez le droit de vous opposer \u00e0 tout moment au traitement de vos donn\u00e9es personnelles \u00e0 des fins de prospection commerciale, y compris au profilage dans la mesure o\u00f9 il est li\u00e9 \u00e0 une telle prospection.<\/li>\n<li><b>2.6. Vous pouvez suspendre l\u2019utilisation de vos donn\u00e9es personnelles<\/b><br \/>Si vous contestez l\u2019exactitude des donn\u00e9es que nous utilisons ou que vous vous opposez \u00e0 ce que vos donn\u00e9es soient trait\u00e9es, nous proc\u00e9derons \u00e0 une v\u00e9rification ou \u00e0 un examen de votre demande. Pendant le d\u00e9lai d\u2019\u00e9tude de votre demande, vous avez la possibilit\u00e9 de nous demander de suspendre l\u2019utilisation de vos donn\u00e9es.<\/li>\n<li><b>2.7. Vous avez des droits face \u00e0 une d\u00e9cision automatis\u00e9e<\/b><br \/>Par principe, vous avez le droit de ne pas faire l\u2019objet d\u2019une d\u00e9cision enti\u00e8rement automatis\u00e9e fond\u00e9e sur un profilage ou non qui a un effet juridique ou vous affecte de mani\u00e8re significative. Nous ne recourons actuellement pas \u00e0 des d\u00e9cisions automatis\u00e9es.<\/li>\n<li><b>2.8. Vous pouvez retirer votre consentement<\/b><br \/>Si vous avez donn\u00e9 votre consentement au traitement de vos donn\u00e9es personnelles, vous pouvez retirer ce consentement \u00e0 tout moment.<\/li>\n<li><b>2.9. Vous pouvez demander la portabilit\u00e9 d\u2019une partie de vos donn\u00e9es personnelles<\/b><br \/>Vous pouvez demander \u00e0 r\u00e9cup\u00e9rer une copie des donn\u00e9es personnelles que vous nous avez fournies dans un format structur\u00e9, couramment utilis\u00e9 et lisible par machine. Lorsque cela est techniquement possible, vous pouvez demander \u00e0 ce que nous transmettions cette copie \u00e0 un tiers.<\/li>\n<li><b>2.10. Comment d\u00e9poser une plainte aupr\u00e8s de l\u2019Autorit\u00e9 De Protection des Donn\u00e9es?<\/b><br \/>En plus des droits mentionn\u00e9s ci-dessus, vous pouvez introduire une r\u00e9clamation aupr\u00e8s de l\u2019autorit\u00e9 de contr\u00f4le comp\u00e9tente, qui est le plus souvent celle de votre lieu de r\u00e9sidence. En Belgique, il s\u2019agit de l\u2019Autorit\u00e9 De Protection des Donn\u00e9es.<\/li>\n<\/ul>\n<h3>3. POURQUOI ET SUR QUELLE BASE LEGALE UTILISONS-NOUS VOS DONN\u00c9ES PERSONNELLES?<\/h3>\n<p>L\u2019objectif de cette section est de vous expliquer pourquoi nous traitons vos donn\u00e9es personnelles et sur quelle base l\u00e9gale nous nous reposons pour le justifier.<\/p>\n<ul>\n<li><b>3.1. Vos donn\u00e9es personnelles sont trait\u00e9es pour r\u00e9pondre \u00e0 notre int\u00e9r\u00eat l\u00e9gitime ou celui d\u2019un tiers<\/b>\n<p>Lorsque nous fondons un traitement sur l\u2019int\u00e9r\u00eat l\u00e9gitime, nous op\u00e9rons une pond\u00e9ration entre cet int\u00e9r\u00eat et vos int\u00e9r\u00eats ou vos libert\u00e9s et droits fondamentaux pour nous assurer qu\u2019il y a un juste \u00e9quilibre entre ceux-ci. Si vous souhaitez obtenir plus de renseignements sur l\u2019int\u00e9r\u00eat l\u00e9gitime poursuivi par un traitement, veuillez nous contacter en utilisant les coordonn\u00e9es fournies \u00e0 la section 2 \u00ab COMMENT POUVEZ-VOUS CONTR\u00d4LER LES TRAITEMENTS QUE NOUS REALISONS SUR VOS DONNEES PERSONNELLES ?\u00bb ci-dessus.<\/p>\n<p>Nous nous basons actuellement sur l&rsquo;int\u00e9r\u00eat l\u00e9gitime pour les finalit\u00e9s suivantes:<\/p>\n<ul class=\"bullet-list\">\n<li>R\u00e9pondre \u00e0 vos questions (par exemple, par t\u00e9l\u00e9phone ou par courrier \u00e9lectronique)<\/li>\n<li>G\u00e9rer les risques auxquels nous sommes expos\u00e9s (par exemple, nous tenons un registre de vos demandes afin de nous assurer que les donn\u00e9es du formulaire de contact sont correctement transf\u00e9r\u00e9es aux concessionnaires)<\/li>\n<li>Am\u00e9liorer la cybers\u00e9curit\u00e9, g\u00e9rer nos plateformes et nos sites web et assurer la continuit\u00e9 des activit\u00e9s.<\/li>\n<li><span class=\"fabric-text-color-mark\" data-renderer-mark=\"true\" data-text-custom-color=\"#ff5630\">Pour \u00e9tablir des statistiques et effectuer des analyses, dans le but d\u2019am\u00e9liorer la qualit\u00e9 de nos plateformes et de nos communications, ainsi que pour \u00e9valuer nos processus et les adapter en fonction des nouveaux d\u00e9veloppements.<\/span><\/li>\n<li>Dans le cadre de l\u2019am\u00e9lioration et de l\u2019optimisation de nos services<\/li>\n<\/ul>\n<\/li>\n<li><b>3.2. Vos donn\u00e9es personnelles sont trait\u00e9es si vous y avez consenti<\/b><br \/>Pour certains traitements de donn\u00e9es personnelles, nous vous donnerons des informations sp\u00e9cifiques et vous demanderons votre consentement. Nous vous rappelons que vous pouvez retirer votre consentement \u00e0 tout moment:\n<ul class=\"bullet-list\">\n<li>Transf\u00e9rer vos coordonn\u00e9es \u00e0 votre demande aux concessionnaires sur la base des informations que vous avez fournies dans notre formulaire de contact.<\/li>\n<li>L\u2019envoi de communications de marketing direct par e-mail ou par telephone.<\/li>\n<li>Placer des cookies comme d\u00e9crit plus en d\u00e9tail dans notre <a href=\"\/fr\/cookies\/\" target=\"_blank\" rel=\"noopener\">Politique en mati\u00e8re de cookies<\/a>.<\/li>\n<\/ul>\n<p>Si n\u00e9cessaire, il pourra vous \u00eatre demand\u00e9 de donner une autorisation suppl\u00e9mentaire pour le traitement de vos donn\u00e9es \u00e0 caract\u00e8re personnel. <br \/>Si vous souhaitez retirer votre consentement \u00e0 un tel traitement, vous pouvez le faire via le lien de d\u00e9sinscription (\u00ab uitschrijven \u00bb) joint \u00e0 chaque e-mail que nous vous envoyons, ou en nous contactant \u00e0 l\u2019adresse suivante :<br \/> TCS Mobility SA\/NV, Avenue du Roi Albert II 4, 1000 Bruxelles, <br \/>ou en nous envoyant un e-mail \u00e0 <a href=\"mailto:info@touringcarselect.be\">info@touringcarselect.be<\/a><\/p>\n<\/li>\n<li><b>3.3. Vos donn\u00e9es personnelles sont trait\u00e9es pour nous conformer \u00e0 nos diff\u00e9rentes obligations l\u00e9gales<\/b><br \/>Vos donn\u00e9es personnelles sont trait\u00e9es lorsque cela est n\u00e9cessaire pour nous permettre de respecter les r\u00e9glementations auxquelles nous sommes soumis.<\/li>\n<\/ul>\n<h3>4. QUELS TYPES DE DONNEES PERSONNELLES COLLECTONS-NOUS?<\/h3>\n<p>Nous collectons et utilisons vos donn\u00e9es personnelles, \u00e0 savoir toute information qui vous identifie ou permet de vous identifier.<\/p>\n<p>En fonction notamment du type de produit ou de service que nous vous fournissons et des \u00e9changes que nous avons avec vous, nous collectons diff\u00e9rents types de donn\u00e9es personnelles vous concernant, y compris:<\/p>\n<ul class=\"bullet-list\">\n<li><b>Donn\u00e9es d\u2019identification<\/b> (Nom, adresse de courrier \u00e9lectronique, num\u00e9ro de t\u00e9l\u00e9phone)<\/li>\n<li><b>Donn\u00e9es collect\u00e9es dans le cadre de nos interactions avec vous<\/b> (ex. r\u00e9pondre \u00e0 une demande soumise via nos formulaires de contact)<\/li>\n<li><b>Donn\u00e9es concernant vos appareils<\/b> (t\u00e9l\u00e9phone portable, ordinateur, tablette, etc.) : adresse IP, caract\u00e9ristiques techniques et donn\u00e9es d\u2019identification uniques;<\/li>\n<\/ul>\n<h3>5. AVEC QUI PARTAGEONS-NOUS VOS DONNEES PERSONNELLES ET POURQUOI?<\/h3>\n<p>Afin de r\u00e9aliser certaines des finalit\u00e9s d\u00e9crites dans la pr\u00e9sente D\u00e9claration Vie Priv\u00e9e, nous sommes susceptibles, lorsque cela est n\u00e9cessaire ou pr\u00e9vu dans nos services, de partager vos donn\u00e9es personnelles avec:<\/p>\n<ul class=\"bullet-list\">\n<li>des sous-traitants qui r\u00e9alisent des prestations pour notre compte par exemple des services informatiques; <\/li>\n<li>concessionnaires sur base de votre demande;<\/li>\n<li>autorit\u00e9s et institutions publiques;<\/li>\n<li>certaines professions r\u00e9glement\u00e9es telles que des avocats lorsque des circonstances sp\u00e9cifiques l\u2019imposent (litige, etc.).<\/li>\n<\/ul>\n<h3>6. TRANSFERTS INTERNATIONAUX DE DONN\u00c9ES PERSONNELLES<\/h3>\n<p>En cas de transferts internationaux vers un pays n\u2019appartenant pas \u00e0 l\u2019EEE dont le niveau de protection de vos donn\u00e9es n\u2019a pas \u00e9t\u00e9 reconnu comme ad\u00e9quat par la Commission europ\u00e9enne, nous mettrons en place des clauses contractuelles types approuv\u00e9es par la Commission europ\u00e9enne afin d\u2019assurer la protection de vos donn\u00e9es personnelles.<\/p>\n<h3>7. PENDANT COMBIEN DE TEMPS CONSERVONS-NOUS VOS DONN\u00c9ES PERSONNELLES?<\/h3>\n<p>Nous conserverons vos donn\u00e9es personnelles aussi longtemps que n\u00e9cessaire pour atteindre l&rsquo;objectif pour lequel ces donn\u00e9es ont \u00e9t\u00e9 collect\u00e9es et tout autre objectif connexe autoris\u00e9 (par exemple, une copie de votre demande au concessionnaire sera conserv\u00e9e pendant un mois pour s&rsquo;assurer qu&rsquo;elle a \u00e9t\u00e9 correctement envoy\u00e9e).<\/p>\n<h3>8. COMMENT SUIVRE LES \u00c9VOLUTIONS DE CETTE DECLARATION VIE PRIVEE?<\/h3>\n<p>Nous vous invitons \u00e0 consulter la derni\u00e8re version de ce document en ligne, car notre site web \u00e9volue r\u00e9guli\u00e8rement.<\/p>\n<\/div>\n\n\t\t\n<style>\n#text-578168703 {\n  text-align: left;\n}\n<\/style>\n\t<\/div>\n\t\n\n\t\t<\/div>\n\t\t\t\t\t<\/div>\n\n\t\n\n<\/div>\n\n\t\t<\/div>\n\n\t\t\n<style>\n#section_1044902214 {\n  padding-top: 30px;\n  padding-bottom: 30px;\n}\n<\/style>\n\t<\/section>\n\t\n\n","protected":false},"excerpt":{"rendered":"","protected":false},"author":23,"featured_media":0,"parent":0,"menu_order":0,"comment_status":"closed","ping_status":"closed","template":"","meta":{"footnotes":""},"class_list":["post-4340","page","type-page","status-publish","hentry"],"yoast_head":"<!-- This site is optimized with the Yoast SEO Premium plugin v24.0 (Yoast SEO v24.0) - https:\/\/yoast.com\/wordpress\/plugins\/seo\/ -->\n<title>Protection des donn\u00e9es - Touring CarSelect<\/title>\n<meta name=\"description\" content=\"Protection des donn\u00e9es- Touring CarSelect vous propose un large choix de v\u00e9hicules d&#039;occasion et de services compl\u00e9mentaires.\" \/>\n<meta name=\"robots\" content=\"index, follow, max-snippet:-1, max-image-preview:large, max-video-preview:-1\" \/>\n<link rel=\"canonical\" href=\"https:\/\/carselect.touring.be\/fr\/confidentialite\/\" \/>\n<meta property=\"og:locale\" content=\"fr_FR\" \/>\n<meta property=\"og:type\" content=\"article\" \/>\n<meta property=\"og:title\" content=\"CONFIDENTIALIT\u00c9\" \/>\n<meta property=\"og:description\" content=\"Protection des donn\u00e9es- Touring CarSelect vous propose un large choix de v\u00e9hicules d&#039;occasion et de services compl\u00e9mentaires.\" \/>\n<meta property=\"og:url\" content=\"https:\/\/carselect.touring.be\/fr\/confidentialite\/\" \/>\n<meta property=\"og:site_name\" content=\"Touring Dealer\" \/>\n<meta property=\"article:modified_time\" content=\"2025-12-18T13:20:04+00:00\" \/>\n<meta name=\"twitter:card\" content=\"summary_large_image\" \/>\n<meta name=\"twitter:label1\" content=\"Dur\u00e9e de lecture est.\" \/>\n\t<meta name=\"twitter:data1\" content=\"7 minutes\" \/>\n<script type=\"application\/ld+json\" class=\"yoast-schema-graph\">{\"@context\":\"https:\/\/schema.org\",\"@graph\":[{\"@type\":\"WebPage\",\"@id\":\"https:\/\/carselect.touring.be\/fr\/confidentialite\/\",\"url\":\"https:\/\/carselect.touring.be\/fr\/confidentialite\/\",\"name\":\"Protection des donn\u00e9es - Touring CarSelect\",\"isPartOf\":{\"@id\":\"https:\/\/carselect.touring.be\/fr\/#website\"},\"datePublished\":\"2022-05-25T10:43:42+00:00\",\"dateModified\":\"2025-12-18T13:20:04+00:00\",\"description\":\"Protection des donn\u00e9es- Touring CarSelect vous propose un large choix de v\u00e9hicules d'occasion et de services compl\u00e9mentaires.\",\"breadcrumb\":{\"@id\":\"https:\/\/carselect.touring.be\/fr\/confidentialite\/#breadcrumb\"},\"inLanguage\":\"fr-BE\",\"potentialAction\":[{\"@type\":\"ReadAction\",\"target\":[\"https:\/\/carselect.touring.be\/fr\/confidentialite\/\"]}]},{\"@type\":\"BreadcrumbList\",\"@id\":\"https:\/\/carselect.touring.be\/fr\/confidentialite\/#breadcrumb\",\"itemListElement\":[{\"@type\":\"ListItem\",\"position\":1,\"name\":\"Home\",\"item\":\"https:\/\/carselect.touring.be\/fr\/\"},{\"@type\":\"ListItem\",\"position\":2,\"name\":\"CONFIDENTIALIT\u00c9\"}]},{\"@type\":\"WebSite\",\"@id\":\"https:\/\/carselect.touring.be\/fr\/#website\",\"url\":\"https:\/\/carselect.touring.be\/fr\/\",\"name\":\"Touring CarSelect\",\"description\":\"\",\"publisher\":{\"@id\":\"https:\/\/carselect.touring.be\/fr\/#organization\"},\"potentialAction\":[{\"@type\":\"SearchAction\",\"target\":{\"@type\":\"EntryPoint\",\"urlTemplate\":\"https:\/\/carselect.touring.be\/fr\/?s={search_term_string}\"},\"query-input\":{\"@type\":\"PropertyValueSpecification\",\"valueRequired\":true,\"valueName\":\"search_term_string\"}}],\"inLanguage\":\"fr-BE\"},{\"@type\":\"Organization\",\"@id\":\"https:\/\/carselect.touring.be\/fr\/#organization\",\"name\":\"Touring CarSelect\",\"url\":\"https:\/\/carselect.touring.be\/fr\/\",\"logo\":{\"@type\":\"ImageObject\",\"inLanguage\":\"fr-BE\",\"@id\":\"https:\/\/carselect.touring.be\/fr\/#\/schema\/logo\/image\/\",\"url\":\"\/wp-content\/uploads\/2024\/04\/Touring-Car-Select-Logo.png\",\"contentUrl\":\"\/wp-content\/uploads\/2024\/04\/Touring-Car-Select-Logo.png\",\"width\":154,\"height\":53,\"caption\":\"Touring CarSelect\"},\"image\":{\"@id\":\"https:\/\/carselect.touring.be\/fr\/#\/schema\/logo\/image\/\"}}]}<\/script>\n<!-- \/ Yoast SEO Premium plugin. -->","yoast_head_json":{"title":"Protection des donn\u00e9es - Touring CarSelect","description":"Protection des donn\u00e9es- Touring CarSelect vous propose un large choix de v\u00e9hicules d'occasion et de services compl\u00e9mentaires.","robots":{"index":"index","follow":"follow","max-snippet":"max-snippet:-1","max-image-preview":"max-image-preview:large","max-video-preview":"max-video-preview:-1"},"canonical":"https:\/\/carselect.touring.be\/fr\/confidentialite\/","og_locale":"fr_FR","og_type":"article","og_title":"CONFIDENTIALIT\u00c9","og_description":"Protection des donn\u00e9es- Touring CarSelect vous propose un large choix de v\u00e9hicules d'occasion et de services compl\u00e9mentaires.","og_url":"https:\/\/carselect.touring.be\/fr\/confidentialite\/","og_site_name":"Touring Dealer","article_modified_time":"2025-12-18T13:20:04+00:00","twitter_card":"summary_large_image","twitter_misc":{"Dur\u00e9e de lecture est.":"7 minutes"},"schema":{"@context":"https:\/\/schema.org","@graph":[{"@type":"WebPage","@id":"https:\/\/carselect.touring.be\/fr\/confidentialite\/","url":"https:\/\/carselect.touring.be\/fr\/confidentialite\/","name":"Protection des donn\u00e9es - Touring CarSelect","isPartOf":{"@id":"https:\/\/carselect.touring.be\/fr\/#website"},"datePublished":"2022-05-25T10:43:42+00:00","dateModified":"2025-12-18T13:20:04+00:00","description":"Protection des donn\u00e9es- Touring CarSelect vous propose un large choix de v\u00e9hicules d'occasion et de services compl\u00e9mentaires.","breadcrumb":{"@id":"https:\/\/carselect.touring.be\/fr\/confidentialite\/#breadcrumb"},"inLanguage":"fr-BE","potentialAction":[{"@type":"ReadAction","target":["https:\/\/carselect.touring.be\/fr\/confidentialite\/"]}]},{"@type":"BreadcrumbList","@id":"https:\/\/carselect.touring.be\/fr\/confidentialite\/#breadcrumb","itemListElement":[{"@type":"ListItem","position":1,"name":"Home","item":"https:\/\/carselect.touring.be\/fr\/"},{"@type":"ListItem","position":2,"name":"CONFIDENTIALIT\u00c9"}]},{"@type":"WebSite","@id":"https:\/\/carselect.touring.be\/fr\/#website","url":"https:\/\/carselect.touring.be\/fr\/","name":"Touring CarSelect","description":"","publisher":{"@id":"https:\/\/carselect.touring.be\/fr\/#organization"},"potentialAction":[{"@type":"SearchAction","target":{"@type":"EntryPoint","urlTemplate":"https:\/\/carselect.touring.be\/fr\/?s={search_term_string}"},"query-input":{"@type":"PropertyValueSpecification","valueRequired":true,"valueName":"search_term_string"}}],"inLanguage":"fr-BE"},{"@type":"Organization","@id":"https:\/\/carselect.touring.be\/fr\/#organization","name":"Touring CarSelect","url":"https:\/\/carselect.touring.be\/fr\/","logo":{"@type":"ImageObject","inLanguage":"fr-BE","@id":"https:\/\/carselect.touring.be\/fr\/#\/schema\/logo\/image\/","url":"\/wp-content\/uploads\/2024\/04\/Touring-Car-Select-Logo.png","contentUrl":"\/wp-content\/uploads\/2024\/04\/Touring-Car-Select-Logo.png","width":154,"height":53,"caption":"Touring CarSelect"},"image":{"@id":"https:\/\/carselect.touring.be\/fr\/#\/schema\/logo\/image\/"}}]}},"_links":{"self":[{"href":"https:\/\/carselect.touring.be\/fr\/wp-json\/wp\/v2\/pages\/4340","targetHints":{"allow":["GET"]}}],"collection":[{"href":"https:\/\/carselect.touring.be\/fr\/wp-json\/wp\/v2\/pages"}],"about":[{"href":"https:\/\/carselect.touring.be\/fr\/wp-json\/wp\/v2\/types\/page"}],"author":[{"embeddable":true,"href":"https:\/\/carselect.touring.be\/fr\/wp-json\/wp\/v2\/users\/23"}],"replies":[{"embeddable":true,"href":"https:\/\/carselect.touring.be\/fr\/wp-json\/wp\/v2\/comments?post=4340"}],"version-history":[{"count":9,"href":"https:\/\/carselect.touring.be\/fr\/wp-json\/wp\/v2\/pages\/4340\/revisions"}],"predecessor-version":[{"id":14540,"href":"https:\/\/carselect.touring.be\/fr\/wp-json\/wp\/v2\/pages\/4340\/revisions\/14540"}],"wp:attachment":[{"href":"https:\/\/carselect.touring.be\/fr\/wp-json\/wp\/v2\/media?parent=4340"}],"curies":[{"name":"wp","href":"https:\/\/api.w.org\/{rel}","templated":true}]}}