{"id":4265,"date":"2022-05-25T12:19:25","date_gmt":"2022-05-25T10:19:25","guid":{"rendered":"https:\/\/wp-bnp.azurewebsites.net\/cookies\/"},"modified":"2025-07-09T16:06:15","modified_gmt":"2025-07-09T14:06:15","slug":"cookies","status":"publish","type":"page","link":"https:\/\/carselect.touring.be\/fr\/cookies\/","title":{"rendered":"Cookies"},"content":{"rendered":"\n\n\t<section class=\"section\" id=\"section_1406774048\">\n\t\t<div class=\"section-bg fill\" >\n\t\t\t\t\t\t\t\t\t\n\t\t\t\n\n\t\t<\/div>\n\n\t\t\n\n\t\t<div class=\"section-content relative\">\n\t\t\t\n\n<div class=\"row\"  id=\"row-935963818\">\n\n\n\t<div id=\"col-793186877\" class=\"col small-12 large-12\"  >\n\t\t\t\t<div class=\"col-inner\"  >\n\t\t\t\n\t\t\t\n\n<div class=\"legal-page\">\n<h1>POLITIQUE EN MATI\u00c8RE DE COOKIES<\/h1>\n<p>TCS Mobility SA-NV (\u00ab nous \u00bb, \u00ab notre \u00bb, \u00ab nos \u00bb) utilise des cookies et d&rsquo;autres traceurs (ci-apr\u00e8s les \u00ab cookies \u00bb) sur ce site web (ci-apr\u00e8s le \u00ab Site web \u00bb). Les cookies garantissent le bon fonctionnement du Site web et, parmi les autres fonctionnalit\u00e9s, facilitent le processus de connexion. En utilisant des cookies, TCS Mobility est \u00e9galement en mesure d&rsquo;am\u00e9liorer votre exp\u00e9rience en ligne. Les cookies sont \u00e9galement utilis\u00e9s pour adapter le contenu et\/ou les publicit\u00e9s affich\u00e9s sur le Site web ou d&rsquo;autres sites web (non) TCS Mobility en fonction de vos besoins et de vos pr\u00e9f\u00e9rences personnelles.   <\/p>\n<p>Si vous refusez Les cookies, TCS Mobility et ses partenaires ne pourront pas optimiser votre exp\u00e9rience en ligne. De plus, certaines parties du Site web ne fonctionneront pas de mani\u00e8re optimale. En acceptant les cookies, vous donnez votre consentement \u00e0 leur utilisation telle que d\u00e9crite dans la pr\u00e9sente politique en mati\u00e8re de cookies. Si vous le souhaitez, vous pouvez \u00e0 tout moment modifier vos pr\u00e9f\u00e9rences en mati\u00e8re de cookies dans l&rsquo;outil de gestion des cookies accessible en cliquant, en bas \u00e0 gauche du site internet, sur l\u2019ic\u00f4ne repr\u00e9sentant l\u2019outil de gestion des cookies.   <\/p>\n<p>La pr\u00e9sente politique en mati\u00e8re de cookies fournit tous les d\u00e9tails relatifs aux cookies utilis\u00e9s sur ce Site web. Elle explique \u00e9galement \u00e0 quelles fins ces cookies sont utilis\u00e9s, qui les place, comment les g\u00e9rer ou les supprimer et quels sont vos droits en tant que visiteur du Site web. <\/p>\n<p>Nous vous souhaitons une bonne lecture et une excellente exp\u00e9rience de navigation<\/p>\n<h3>1. Qu&rsquo;est-ce qu&rsquo;un cookie?<\/h3>\n<p>Les cookies sont de petits fichiers texte, image ou Logiciel que votre navigateur web place sur votre appareil lorsque vous utilisez des sites web et des applications. Le terme \u00ab appareil \u00bb recouvre, dans la pr\u00e9sente politique en mati\u00e8re de cookies, les ordinateurs, Les smartphones, les tablettes et tout autre appareil permettant d&rsquo;acc\u00e9der \u00e0 Internet. <\/p>\n<p>Les cookies peuvent \u00eatre : (i) sp\u00e9cifiques \u00e0 la session, ce qui signifie qu&rsquo;ils sont supprim\u00e9s de votre appareil Une fois la session de navigation ferm\u00e9e ; ou (ii) persistants, ce qui signifie qu&rsquo;ils restent sur votre appareil jusqu&rsquo;\u00e0 leur suppression. Veuillez consulter la section 3 pour plus d&rsquo;informations sur les cookies de session et Les cookies persistants.   <\/p>\n<p>Les cookies remplissent un certain nombre de fonctions utiles, telles que:<\/p>\n<ul class=\"bullet-list\">\n<li>Renforcer la s\u00e9curit\u00e9 des sites web et\/ou des applications;<\/li>\n<li>Suivre votre utilisation de nos sites web et\/ou applications afin de les am\u00e9liorer;<\/li>\n<li>M\u00e9moriser les informations que vous nous avez fournies (p. ex. pour remplir automatiquement les formulaires avec les informations que vous nous avez pr\u00e9c\u00e9demment fournies);<\/li>\n<li>Am\u00e9liorer votre exp\u00e9rience d&rsquo;utilisateur en adaptant et en personnalisant le contenu des sites web et\/ou en fonction de vos centres d&rsquo;int\u00e9r\u00eat de sorte que nos partenaires et nous puissions vous fournir des publicit\u00e9s et du contenu TCS Mobility plus pertinents sur des sites web et des applications ext\u00e9rieurs \u00e0 TCS Mobility;<\/li>\n<li>Vous envoyer des publicit\u00e9s personnalis\u00e9es, plus pr\u00e9cis\u00e9ment en fonction de votre historique de navigation et de vos pr\u00e9f\u00e9rences en ligne;<\/li>\n<\/ul>\n<h3>2. Quels types d&rsquo;informations peuvent \u00eatre stock\u00e9es dans un cookie?<\/h3>\n<p>Les informations stock\u00e9es par les cookies sur votre appareil peuvent concerner les \u00e9l\u00e9ments suivants, sous r\u00e9serve de leur dur\u00e9e de conservation:<\/p>\n<ul class=\"bullet-list\">\n<li>les pages web que vous avez consult\u00e9es sur cet appareil;<\/li>\n<li>les publicit\u00e9s sur lesquelles vous avez cliqu\u00e9;<\/li>\n<li>le type de navigateur que vous utilisez;<\/li>\n<li>votre adresse IP;<\/li>\n<li>et toute autre information que vous avez fournie sur les sites web et\/ou applications consult\u00e9s.<\/li>\n<\/ul>\n<p>Les cookies peuvent contenir des donn\u00e9es \u00e0 caract\u00e8re personnel. Lorsque vous s\u00e9lectionnez les types de cookies que vous autorisez sur votre appareil, Les cookies peuvent \u00eatre d\u00e9pos\u00e9s directement par nous (cookies de premi\u00e8re partie) ou par l&rsquo;un de nos partenaires (cookies de tiers). <\/p>\n<p>Lorsque nous utilisons des cookies qui collectent vos donn\u00e9es \u00e0 caract\u00e8re personnel, cette collecte et les activit\u00e9s de traitement li\u00e9es sont couvertes par notre <a href=\"https:\/\/carselect.touring.be\/fr\/confidentialite\/\" target=\"_blank\" rel=\"noopener\">D\u00e9claration Vie Priv\u00e9e<\/a> . Lorsque vous autorisez l&rsquo;installation de cookies de tiers sur votre appareil, nos partenaires pourront acc\u00e9der aux informations qu&rsquo;ils contiennent (comme vos statistiques de navigation lorsque vous autorisez les cookies d&rsquo;analyse de tiers) conform\u00e9ment \u00e0 notre <a href=\"https:\/\/carselect.touring.be\/fr\/confidentialite\/\" target=\"_blank\" rel=\"noopener\">D\u00e9claration Vie Priv\u00e9e<\/a> et \u00e0 celle de nos partenaires.<\/p>\n<h3>3. Quel type de cookies utilisons-nous et dans quel but?<\/h3>\n<p>Nous avons r\u00e9parti les cookies utilis\u00e9s sur ce Site web en plusieurs cat\u00e9gories en fonction de leurs finalit\u00e9s:<\/p>\n<script\n\t\ttype=\"text\/javascript\"\n\t\tid=\"CookieDeclaration\"\n\t\tsrc=\"https:\/\/consent.cookiebot.com\/396f7aa7-50bf-4a5b-b0b9-4761171d375e\/cd.js\"\n\t\t\t\t\tdata-culture=\"FR\"\n\t\t\t\tasync><\/script>\n\n<h3>4. Responsable des cookies<\/h3>\n<p>Le propri\u00e9taire du Site web et responsable du traitement de vos donn\u00e9es \u00e0 caract\u00e8re personnel stock\u00e9es dans les cookies est:<\/p>\n<p> TCS Mobility SA-NV, <br \/>\n Boulevard du Roi Albert II 4, box 12,<br \/>\n 1000 Bruxelles<br \/>\n\t<a href=\"mailto:info@touringcarselect.be\">info@touringcarselect.be<\/a><\/p>\n<h3>5. Comment g\u00e9rer votre choix en mati\u00e8re de cookies?<\/h3>\n<p>Vous pouvez g\u00e9rer l\u2019utilisation des cookies sur le Site web en:<\/p>\n<ul class=\"bullet-list\">\n<li>G\u00e9rant vos pr\u00e9f\u00e9rences en mati\u00e8re de cookies dans l&rsquo;outil de gestion des cookies en cliquant, en bas \u00e0 gauche du Site web, sur l&rsquo;ic\u00f4ne repr\u00e9sentant l&rsquo;outil de gestion des cookies. Cet outil vous permet de modifier vos pr\u00e9f\u00e9rences, de retirer ou de donner \u00e0 nouveau votre consentement pour les diff\u00e9rentes cat\u00e9gories de cookies modifiables \u00e0 tout moment. <\/li>\n<li>Configurant les param\u00e8tres de confidentialit\u00e9 de votre navigateur (pour en savoir plus sur le contr\u00f4le des cookies, veuillez-vous reporter \u00e0 la fonction aide de votre navigateur).<\/li>\n<li>Consultant les sites web de tiers : cela vous permettra de v\u00e9rifier comment g\u00e9rer les param\u00e8tres en mati\u00e8re de cookies sur les sites web et applications ext\u00e9rieurs \u00e0 TCS Mobility.<\/li>\n<\/ul>\n<p>Veuillez noter que l&rsquo;utilisation des cookies n\u00e9cessaires au bon fonctionnement du Site web ne n\u00e9cessite pas votre consentement. C&rsquo;est pourquoi l&rsquo;option \u00ab cookies n\u00e9cessaires \u00bb est indiqu\u00e9e comme requise dans notre outil de gestion des cookies et n&rsquo;est pas facultative. <\/p>\n<p>Si vous refusez ou d\u00e9sactivez certains types ou cat\u00e9gories de cookies (Les cookies de fonctionnels, par exemple), nous ne serons pas en mesure d&rsquo;optimiser votre exp\u00e9rience utilisateur sur nos sites web.<\/p>\n<p>Par d\u00e9faut, nous enregistrons vos choix concernant les cookies pour l&rsquo;appareil que vous avez utilis\u00e9 pendant 180 jours maximum. Si vous changez d&rsquo;avis sur les pr\u00e9f\u00e9rences que vous avez exprim\u00e9es concernant les cookies, vous pouvez actualiser vos choix \u00e0 tout moment en cliquant, en bas \u00e0 gauche du Site web, sur l&rsquo;ic\u00f4ne repr\u00e9sentant l&rsquo;outil de gestion des cookies. Dans tous les cas, nous vous demanderons d&rsquo;op\u00e9rer un nouveau choix tous les 180 jours.  <\/p>\n<h3>6. Vos droits en tant que visiteur de notre Site web<\/h3>\n<p>Pour plus d&rsquo;informations sur TCS Mobility en tant que responsable du traitement des donn\u00e9es \u00e0 caract\u00e8re personnel et sur vos droits en tant que personne concern\u00e9e, consultez notre <a href=\"https:\/\/carselect.touring.be\/fr\/confidentialite\/\" target=\"_blank\" rel=\"noopener\">D\u00e9claration Vie Priv\u00e9e<\/a>.<\/p>\n<p>De plus, en tant que visiteur et personne concern\u00e9e par les donn\u00e9es conserv\u00e9es par ces cookies, vous avez le droit de d\u00e9poser plainte aupr\u00e8s de l&rsquo;<a href=\"https:\/\/www.gegevensbeschermingsautoriteit.be\/\">Autorit\u00e9 de protection des donn\u00e9es belge<\/a>.<\/p>\n<\/div>\n\n\n\t\t<\/div>\n\t\t\t\t\t<\/div>\n\n\t\n\n<\/div>\n\n\t\t<\/div>\n\n\t\t\n<style>\n#section_1406774048 {\n  padding-top: 30px;\n  padding-bottom: 30px;\n}\n<\/style>\n\t<\/section>\n\t\n\n","protected":false},"excerpt":{"rendered":"","protected":false},"author":23,"featured_media":0,"parent":0,"menu_order":0,"comment_status":"closed","ping_status":"closed","template":"","meta":{"footnotes":""},"class_list":["post-4265","page","type-page","status-publish","hentry"],"yoast_head":"<!-- This site is optimized with the Yoast SEO Premium plugin v24.0 (Yoast SEO v24.0) - https:\/\/yoast.com\/wordpress\/plugins\/seo\/ -->\n<title>Politique Des Cookies - Touring CarSelect<\/title>\n<meta name=\"description\" content=\"Politique Des Cookies - Touring CarSelect vous propose un large choix de v\u00e9hicules d&#039;occasion et de services compl\u00e9mentaires.\" \/>\n<meta name=\"robots\" content=\"index, follow, max-snippet:-1, max-image-preview:large, max-video-preview:-1\" \/>\n<link rel=\"canonical\" href=\"https:\/\/carselect.touring.be\/fr\/cookies\/\" \/>\n<meta property=\"og:locale\" content=\"fr_FR\" \/>\n<meta property=\"og:type\" content=\"article\" \/>\n<meta property=\"og:title\" content=\"Cookies\" \/>\n<meta property=\"og:description\" content=\"Politique Des Cookies - Touring CarSelect vous propose un large choix de v\u00e9hicules d&#039;occasion et de services compl\u00e9mentaires.\" \/>\n<meta property=\"og:url\" content=\"https:\/\/carselect.touring.be\/fr\/cookies\/\" \/>\n<meta property=\"og:site_name\" content=\"Touring Dealer\" \/>\n<meta property=\"article:modified_time\" content=\"2025-07-09T14:06:15+00:00\" \/>\n<meta name=\"twitter:card\" content=\"summary_large_image\" \/>\n<meta name=\"twitter:label1\" content=\"Dur\u00e9e de lecture est.\" \/>\n\t<meta name=\"twitter:data1\" content=\"5 minutes\" \/>\n<script type=\"application\/ld+json\" class=\"yoast-schema-graph\">{\"@context\":\"https:\/\/schema.org\",\"@graph\":[{\"@type\":\"WebPage\",\"@id\":\"https:\/\/carselect.touring.be\/fr\/cookies\/\",\"url\":\"https:\/\/carselect.touring.be\/fr\/cookies\/\",\"name\":\"Politique Des Cookies - Touring CarSelect\",\"isPartOf\":{\"@id\":\"https:\/\/carselect.touring.be\/fr\/#website\"},\"datePublished\":\"2022-05-25T10:19:25+00:00\",\"dateModified\":\"2025-07-09T14:06:15+00:00\",\"description\":\"Politique Des Cookies - Touring CarSelect vous propose un large choix de v\u00e9hicules d'occasion et de services compl\u00e9mentaires.\",\"breadcrumb\":{\"@id\":\"https:\/\/carselect.touring.be\/fr\/cookies\/#breadcrumb\"},\"inLanguage\":\"fr-BE\",\"potentialAction\":[{\"@type\":\"ReadAction\",\"target\":[\"https:\/\/carselect.touring.be\/fr\/cookies\/\"]}]},{\"@type\":\"BreadcrumbList\",\"@id\":\"https:\/\/carselect.touring.be\/fr\/cookies\/#breadcrumb\",\"itemListElement\":[{\"@type\":\"ListItem\",\"position\":1,\"name\":\"Home\",\"item\":\"https:\/\/carselect.touring.be\/fr\/\"},{\"@type\":\"ListItem\",\"position\":2,\"name\":\"Cookies\"}]},{\"@type\":\"WebSite\",\"@id\":\"https:\/\/carselect.touring.be\/fr\/#website\",\"url\":\"https:\/\/carselect.touring.be\/fr\/\",\"name\":\"Touring CarSelect\",\"description\":\"\",\"publisher\":{\"@id\":\"https:\/\/carselect.touring.be\/fr\/#organization\"},\"potentialAction\":[{\"@type\":\"SearchAction\",\"target\":{\"@type\":\"EntryPoint\",\"urlTemplate\":\"https:\/\/carselect.touring.be\/fr\/?s={search_term_string}\"},\"query-input\":{\"@type\":\"PropertyValueSpecification\",\"valueRequired\":true,\"valueName\":\"search_term_string\"}}],\"inLanguage\":\"fr-BE\"},{\"@type\":\"Organization\",\"@id\":\"https:\/\/carselect.touring.be\/fr\/#organization\",\"name\":\"Touring CarSelect\",\"url\":\"https:\/\/carselect.touring.be\/fr\/\",\"logo\":{\"@type\":\"ImageObject\",\"inLanguage\":\"fr-BE\",\"@id\":\"https:\/\/carselect.touring.be\/fr\/#\/schema\/logo\/image\/\",\"url\":\"\/wp-content\/uploads\/2024\/04\/Touring-Car-Select-Logo.png\",\"contentUrl\":\"\/wp-content\/uploads\/2024\/04\/Touring-Car-Select-Logo.png\",\"width\":154,\"height\":53,\"caption\":\"Touring CarSelect\"},\"image\":{\"@id\":\"https:\/\/carselect.touring.be\/fr\/#\/schema\/logo\/image\/\"}}]}<\/script>\n<!-- \/ Yoast SEO Premium plugin. -->","yoast_head_json":{"title":"Politique Des Cookies - Touring CarSelect","description":"Politique Des Cookies - Touring CarSelect vous propose un large choix de v\u00e9hicules d'occasion et de services compl\u00e9mentaires.","robots":{"index":"index","follow":"follow","max-snippet":"max-snippet:-1","max-image-preview":"max-image-preview:large","max-video-preview":"max-video-preview:-1"},"canonical":"https:\/\/carselect.touring.be\/fr\/cookies\/","og_locale":"fr_FR","og_type":"article","og_title":"Cookies","og_description":"Politique Des Cookies - Touring CarSelect vous propose un large choix de v\u00e9hicules d'occasion et de services compl\u00e9mentaires.","og_url":"https:\/\/carselect.touring.be\/fr\/cookies\/","og_site_name":"Touring Dealer","article_modified_time":"2025-07-09T14:06:15+00:00","twitter_card":"summary_large_image","twitter_misc":{"Dur\u00e9e de lecture est.":"5 minutes"},"schema":{"@context":"https:\/\/schema.org","@graph":[{"@type":"WebPage","@id":"https:\/\/carselect.touring.be\/fr\/cookies\/","url":"https:\/\/carselect.touring.be\/fr\/cookies\/","name":"Politique Des Cookies - Touring CarSelect","isPartOf":{"@id":"https:\/\/carselect.touring.be\/fr\/#website"},"datePublished":"2022-05-25T10:19:25+00:00","dateModified":"2025-07-09T14:06:15+00:00","description":"Politique Des Cookies - Touring CarSelect vous propose un large choix de v\u00e9hicules d'occasion et de services compl\u00e9mentaires.","breadcrumb":{"@id":"https:\/\/carselect.touring.be\/fr\/cookies\/#breadcrumb"},"inLanguage":"fr-BE","potentialAction":[{"@type":"ReadAction","target":["https:\/\/carselect.touring.be\/fr\/cookies\/"]}]},{"@type":"BreadcrumbList","@id":"https:\/\/carselect.touring.be\/fr\/cookies\/#breadcrumb","itemListElement":[{"@type":"ListItem","position":1,"name":"Home","item":"https:\/\/carselect.touring.be\/fr\/"},{"@type":"ListItem","position":2,"name":"Cookies"}]},{"@type":"WebSite","@id":"https:\/\/carselect.touring.be\/fr\/#website","url":"https:\/\/carselect.touring.be\/fr\/","name":"Touring CarSelect","description":"","publisher":{"@id":"https:\/\/carselect.touring.be\/fr\/#organization"},"potentialAction":[{"@type":"SearchAction","target":{"@type":"EntryPoint","urlTemplate":"https:\/\/carselect.touring.be\/fr\/?s={search_term_string}"},"query-input":{"@type":"PropertyValueSpecification","valueRequired":true,"valueName":"search_term_string"}}],"inLanguage":"fr-BE"},{"@type":"Organization","@id":"https:\/\/carselect.touring.be\/fr\/#organization","name":"Touring CarSelect","url":"https:\/\/carselect.touring.be\/fr\/","logo":{"@type":"ImageObject","inLanguage":"fr-BE","@id":"https:\/\/carselect.touring.be\/fr\/#\/schema\/logo\/image\/","url":"\/wp-content\/uploads\/2024\/04\/Touring-Car-Select-Logo.png","contentUrl":"\/wp-content\/uploads\/2024\/04\/Touring-Car-Select-Logo.png","width":154,"height":53,"caption":"Touring CarSelect"},"image":{"@id":"https:\/\/carselect.touring.be\/fr\/#\/schema\/logo\/image\/"}}]}},"_links":{"self":[{"href":"https:\/\/carselect.touring.be\/fr\/wp-json\/wp\/v2\/pages\/4265","targetHints":{"allow":["GET"]}}],"collection":[{"href":"https:\/\/carselect.touring.be\/fr\/wp-json\/wp\/v2\/pages"}],"about":[{"href":"https:\/\/carselect.touring.be\/fr\/wp-json\/wp\/v2\/types\/page"}],"author":[{"embeddable":true,"href":"https:\/\/carselect.touring.be\/fr\/wp-json\/wp\/v2\/users\/23"}],"replies":[{"embeddable":true,"href":"https:\/\/carselect.touring.be\/fr\/wp-json\/wp\/v2\/comments?post=4265"}],"version-history":[{"count":13,"href":"https:\/\/carselect.touring.be\/fr\/wp-json\/wp\/v2\/pages\/4265\/revisions"}],"predecessor-version":[{"id":9694,"href":"https:\/\/carselect.touring.be\/fr\/wp-json\/wp\/v2\/pages\/4265\/revisions\/9694"}],"wp:attachment":[{"href":"https:\/\/carselect.touring.be\/fr\/wp-json\/wp\/v2\/media?parent=4265"}],"curies":[{"name":"wp","href":"https:\/\/api.w.org\/{rel}","templated":true}]}}